{"id":3791,"date":"2024-10-03T19:13:46","date_gmt":"2024-10-03T19:13:46","guid":{"rendered":"https:\/\/technosylva.com\/productos-no-elimines-esta-pagina\/planificacion-de-incendios-y-condiciones-meteorologicas-extremas\/"},"modified":"2025-12-04T01:44:52","modified_gmt":"2025-12-04T01:44:52","slug":"planificacion-de-incendios-y-condiciones-meteorologicas-extremas","status":"publish","type":"page","link":"https:\/\/technosylva.com\/es\/productos\/planificacion-de-incendios-y-condiciones-meteorologicas-extremas\/","title":{"rendered":"Planificaci\u00f3n para incendios y condiciones clim\u00e1ticas extremas (Firesight\u2122)"},"content":{"rendered":"<div data-technosylva-block  class=\"md:max-h-[940px] overflow-hidden hero-block\">\n\t<div class=\"hero grid grid-cols-1 aspect-square sm:aspect-[unset] max-w-[2000px] mx-auto\">\n\t\t\t\t\t<img decoding=\"async\" src=\"https:\/\/technosylva.com\/wp-content\/uploads\/2024\/10\/firesight-hero-scaled.jpg\" alt=\"\" class=\"col-start-1 col-span-1 row-start-1 object-cover h-full w-full\">\n\t\t\n\t\t<div class=\"container hero-content py-[80px] nav:py-[116px] col-start-1 row-start-1 col-span-1 \">\n\t\t\t<div class=\"hero-content-inner space-y-8 md:space-y-0 md:grid items-center grid-cols-2 pt-20\">\n\t\t\t\t<div class=\"hero-body text-white space-y-8 md:pr-14 xl:pr-28\">\n\t\t\t\t\t\n\t\t\t\t\t<div class=\"space-y-2\">\n\t\t\t\t\t\t\t\t\t\t\t\t\t<h4 class=\"heading--h6 font-bold text-yellow\">\n\t\t\t\t\t\t\t\tPLANIFICACI\u00d3N PARA INCENDIOS Y CONDICIONES CLIM\u00c1TICAS EXTREMAS (FIRESIGHT\u2122)\t\t\t\t\t\t\t<\/h4>\n\t\t\t\t\t\t\n\t\t\t\t\t\t\t\t\t\t\t\t\t<h1 class=\"heading--h1 text-white font-bold leading-none\">La planificaci\u00f3n comienza con una buena base cient\u00edfica.<\/h1>\n\t\t\t\t\t\t\t\t\t\t\t<\/div>\n\n\t\t\t\t\t\n\t\t\t\t\t\t\t\t\t\t\t<div class=\"hero-body space-y-8\">\n\t\t\t\t\t\t\t<p>Determine las prioridades de sus inversiones en mitigaci\u00f3n con una perspectiva s\u00f3lida basada en unos patrones clim\u00e1ticos hist\u00f3ricos y la climatolog\u00eda. Al combinar millones de simulaciones de incendios, datos de activos propios y las lecciones aprendidas de los fen\u00f3menos meteorol\u00f3gicos m\u00e1s peligrosos de la historia, nuestros modelos de incendios forestales y condiciones clim\u00e1ticas extremas le ayudan a planificar la resiliencia frente a posibles consecuencias catastr\u00f3ficas.<\/p>\n\n\t\t\t\t\t\t\t\t\t\t\t\t\t<\/div>\n\t\t\t\t\t\t\t\t\t<\/div>\n\n\t\t\t\t\t\t\t<\/div>\n\t\t<\/div>\n\t<\/div>\n<\/div>\n\n\n<div data-technosylva-block  class=\"left-right-block\">\n\t<div class=\"py-20 max-w-[2000px] mx-auto bg-white\">\n\t\t<div class=\"container space-y-12\">\n\t\t\t<div class=\"grid grid-cols-1 lg:grid-cols-12 gap-8 items-center\">\n\t\t\t\t<div class=\"order-1 lg:order-2 col-span-1 lg:col-span-8\">\n\t\t\t\t\t\n\t\t\t\t\t\t\t\t\t\t\t<figure class=\"space-y-6 flex flex-col captioned-figure\">\n\t\t\t\t\t\t\t<img decoding=\"async\" src=\"https:\/\/technosylva.com\/wp-content\/uploads\/2025\/09\/rse-3.jpg\" alt=\"Map showing circuit level drill downs for asset protection\" \/>\n\t\t\t\t\t\t\t\t\t\t\t\t\t<\/figure>\n\t\t\t\t\t\n\t\t\t\t\t\t\t\t\t<\/div>\n\n\t\t\t\t<div class=\"order-2 lg:order-1 space-y-6 col-span-1 lg:col-span-4\">\n\t\t\t\t\t<div class=\"space-y-2\">\n\t\t\t\t\t\t\n\t\t\t\t\t\t\t\t\t\t\t\t\t<h3 class=\"heading--h3 font-normal\">\n\t\t\t\t\t\t\t\tPlanifique sus necesidades. Evite eventos catastr\u00f3ficos.\t\t\t\t\t\t\t<\/h3>\n\t\t\t\t\t\t\t\t\t\t\t<\/div>\n\n\t\t\t\t\t\t\t\t\t\t\t<div class=\"space-y-4 max-w-prose\">\n\t\t\t\t\t\t\t<p><span style=\"font-weight: 400;\">Nuestras herramientas de planificaci\u00f3n contra los incendios y las condiciones meteorol\u00f3gicas extremas son un referente en el sector por su capacidad predictiva. Mediante el uso de datos hist\u00f3ricos para predecir el riesgo individual asociado a cada activo, nuestros modelos WRF perfeccionados equilibran las consecuencias con la probabilidad, de modo que usted pueda tomar las mejores decisiones bas\u00e1ndose en lo que es m\u00e1s probable, y no solo en lo que es posible.<\/span><\/p>\n<ul class=\"list-plain list-blue-check flex flex-col gap-4\">\n<li><span style=\"font-weight: 400;\">Determine qu\u00e9 activos son m\u00e1s propensos a fallar y provocar un incendio<\/span><\/li>\n<li><span style=\"font-weight: 400;\">Calcule la reducci\u00f3n potencial del riesgo para los proyectos de mejora de los activos<\/span><\/li>\n<li style=\"font-weight: 400;\" aria-level=\"1\"><span style=\"font-weight: 400;\">Identifique d\u00f3nde, cu\u00e1ndo, qu\u00e9 y qui\u00e9n se ver\u00e1 afectado<\/span><\/li>\n<li><span style=\"font-weight: 400;\">Validado mediante la colaboraci\u00f3n con las agencias contra incendios<\/span><\/li>\n<\/ul>\n\t\t\t\t\t\t<\/div>\n\t\t\t\t\t\n\t\t\t\t\t\t\t\t\t<\/div>\n\t\t\t<\/div>\n\t\t<\/div>\n\t<\/div>\n<\/div>\n\n\n<div data-technosylva-block  class=\"centered-rte-block py-20\">\n\t<div class=\"container space-y-10 text-center\">\n\t\t<div class=\"mx-auto text-center rich-text\">\n\t\t\t<div class=\"acf-innerblocks-container\">\n\n<h3 class=\"wp-block-heading has-text-align-center\">Lo que puede hacer con nuestras herramientas de gesti\u00f3n de los incendios y las condiciones meteorol\u00f3gicas extremas<\/h3>\n\n<\/div>\n\t\t<\/div>\n\t<\/div>\n<\/div>\n\n\n<div data-technosylva-block  class=\"left-right-block\">\n\t<div class=\"py-20 max-w-[2000px] mx-auto bg-white\">\n\t\t<div class=\"container space-y-12\">\n\t\t\t<div class=\"grid grid-cols-1 lg:grid-cols-12 gap-8 items-center\">\n\t\t\t\t<div class=\"order-1 lg:order-2 col-span-1 lg:col-span-8\">\n\t\t\t\t\t\n\t\t\t\t\t\t\t\t\t\t\t<figure class=\"space-y-6 flex flex-col captioned-figure\">\n\t\t\t\t\t\t\t<img decoding=\"async\" src=\"https:\/\/technosylva.com\/wp-content\/uploads\/2025\/09\/priorities_map.jpg\" alt=\"Area priorities diagram\" \/>\n\t\t\t\t\t\t\t\t\t\t\t\t\t<\/figure>\n\t\t\t\t\t\n\t\t\t\t\t\t\t\t\t<\/div>\n\n\t\t\t\t<div class=\"order-2 lg:order-1 space-y-6 col-span-1 lg:col-span-4\">\n\t\t\t\t\t<div class=\"space-y-2\">\n\t\t\t\t\t\t\t\t\t\t\t\t\t<h4 class=\"heading--h6 font-bold font-mono text-red\">\n\t\t\t\t\t\t\t\tMODELADO PARA LA MITIGACI\u00d3N DE RIESGOS\t\t\t\t\t\t\t<\/h4>\n\t\t\t\t\t\t\n\t\t\t\t\t\t\t\t\t\t\t\t\t<h3 class=\"heading--h4 font-normal\">\n\t\t\t\t\t\t\t\tSepa qu\u00e9 activos debe reforzar.\t\t\t\t\t\t\t<\/h3>\n\t\t\t\t\t\t\t\t\t\t\t<\/div>\n\n\t\t\t\t\t\t\t\t\t\t\t<div class=\"space-y-4 max-w-prose\">\n\t\t\t\t\t\t\t<p>Nuestras herramientas de planificaci\u00f3n para los incendios y las condiciones meteorol\u00f3gicas extremas determinan el riesgo de los activos mediante modelos de incendios forestales que proporcionan resultados estimados sobre la superficie quemada, los edificios destruidos y la poblaci\u00f3n afectada. Esto ayuda a las empresas el\u00e9ctricas a centrarse en los activos con mayor probabilidad de sufrir aver\u00edas e incendios, as\u00ed como en aquellos con menor riesgo de aver\u00edas pero con alto potencial de incendio. Estos an\u00e1lisis se basan en la probabilidad de que se produzcan cortes de suministro e incendios.<\/p>\n\t\t\t\t\t\t<\/div>\n\t\t\t\t\t\n\t\t\t\t\t\t\t\t\t<\/div>\n\t\t\t<\/div>\n\t\t<\/div>\n\t<\/div>\n<\/div>\n\n\n<div data-technosylva-block  class=\" py-20 two-column-with-container-block\">\n\t<div class=\"container space-y-20\">\n\t\t<div class=\"space-y-4\">\n\t\t\t<h2 class=\"heading--h3 text-center font-normal\">Comprenda el riesgo de los cortes de energ\u00eda y de los incendios.<\/h2>\n\n\t\t\t\t\t\t\t<div class=\"space-y-4 rich-text max-w-[70%] mx-auto text-center\">\n\t\t\t\t\t<p>Las probabilidades de los cortes de energ\u00eda y de los incendios se calculan en todas las condiciones, desde las habituales temporadas de incendios hasta las extremas menos comunes.<\/p>\n\t\t\t\t<\/div>\n\t\t\t\t\t<\/div>\n\n\t\t<div class=\"grid grid-cols-1 lg:grid-cols-2 gap-8\">\n\t\t\t\t\t\t\t\t<div class=\"grid grid-cols-[105px_1fr] md:grid-cols-[210px_1fr] gap-6 col-span-1 items-start justify-start\">\n\t\t\t\t\t\t\t\t\t\t\t\t\t<div class=\"\">\n\t\t\t\t\t\t\t\t<img decoding=\"async\" src=\"https:\/\/technosylva.com\/wp-content\/uploads\/2025\/09\/pof.jpg\" alt=\"burned area\" class=\"w-full aspect-square\">\n\t\t\t\t\t\t\t<\/div>\n\t\t\t\t\t\t\n\t\t\t\t\t\t\t\t\t\t\t\t\t<div class=\"space-y-4 rich-text\">\n\t\t\t\t\t\t\t\t<h4>Probabilidad de interrupci\u00f3n y fallo:<\/h4>\n<p><em>La probabilidad de que un sistema sufra una p\u00e9rdida de servicio.<\/em><br \/>\nNuestras herramientas de planificaci\u00f3n contra los incendios y las condiciones meteorol\u00f3gicas extremas emplean modelos estad\u00edsticos para predecir las probabilidades de interrupci\u00f3n por hora utilizando los atributos del viento y de los activos.<\/p>\n\t\t\t\t\t\t\t<\/div>\n\t\t\t\t\t\t\t\t\t\t\t<\/div>\n\t\t\t\t\t\t\t\t\t<div class=\"grid grid-cols-[105px_1fr] md:grid-cols-[210px_1fr] gap-6 col-span-1 items-start justify-start\">\n\t\t\t\t\t\t\t\t\t\t\t\t\t<div class=\"\">\n\t\t\t\t\t\t\t\t<img decoding=\"async\" src=\"https:\/\/technosylva.com\/wp-content\/uploads\/2025\/09\/poi_2.jpg\" alt=\"Utility line on fire\" class=\"w-full aspect-square\">\n\t\t\t\t\t\t\t<\/div>\n\t\t\t\t\t\t\n\t\t\t\t\t\t\t\t\t\t\t\t\t<div class=\"space-y-4 rich-text\">\n\t\t\t\t\t\t\t\t<h4>Probabilidad de incendio:<\/h4>\n<p><em>Probabilidad de que se produzca un incendio debido a condiciones espec\u00edficas.<\/em><br \/>\nNuestras herramientas de planificaci\u00f3n para los incendios y las condiciones meteorol\u00f3gicas extremas eval\u00faan el tipo de combustible, su grado de humedad y la velocidad del viento para calcular la probabilidad de que se produzca un incendio a partir de una fuente determinada.<\/p>\n\t\t\t\t\t\t\t<\/div>\n\t\t\t\t\t\t\t\t\t\t\t<\/div>\n\t\t\t\t\t\t<\/div>\n\t<\/div>\n<\/div>\n\n\n<div data-technosylva-block  class=\"left-right-block\">\n\t<div class=\"py-20 max-w-[2000px] mx-auto bg-white\">\n\t\t<div class=\"container space-y-12\">\n\t\t\t<div class=\"grid grid-cols-1 lg:grid-cols-12 gap-8 items-center\">\n\t\t\t\t<div class=\"order-1 lg:order-2 col-span-1 lg:col-span-8\">\n\t\t\t\t\t\n\t\t\t\t\t\t\t\t\t\t\t<figure class=\"space-y-6 flex flex-col captioned-figure\">\n\t\t\t\t\t\t\t<img decoding=\"async\" src=\"https:\/\/technosylva.com\/wp-content\/uploads\/2025\/09\/impact_likelyhood-2.jpg\" alt=\"historical data diagram\" \/>\n\t\t\t\t\t\t\t\t\t\t\t\t\t<\/figure>\n\t\t\t\t\t\n\t\t\t\t\t\t\t\t\t<\/div>\n\n\t\t\t\t<div class=\"order-2 lg:order-1 space-y-6 col-span-1 lg:col-span-4\">\n\t\t\t\t\t<div class=\"space-y-2\">\n\t\t\t\t\t\t\t\t\t\t\t\t\t<h4 class=\"heading--h6 font-bold font-mono text-red\">\n\t\t\t\t\t\t\t\tIMPACTO Y PROBABILIDAD\t\t\t\t\t\t\t<\/h4>\n\t\t\t\t\t\t\n\t\t\t\t\t\t\t\t\t\t\t\t\t<h3 class=\"heading--h3 font-normal\">\n\t\t\t\t\t\t\t\tTome las mejores decisiones\t\t\t\t\t\t\t<\/h3>\n\t\t\t\t\t\t\t\t\t\t\t<\/div>\n\n\t\t\t\t\t\t\t\t\t\t\t<div class=\"space-y-4 max-w-prose\">\n\t\t\t\t\t\t\t<p>Un incendio forestal que ocurre una vez cada 100 a\u00f1os puede que no sea el caso m\u00e1s probable, pero puede ser el que genere el mayor riesgo, incluyendo demandas, p\u00e9rdidas importantes e incluso la quiebra. Nuestras herramientas de planificaci\u00f3n le indican tanto el impacto potencial de un incendio forestal en sus activos como la probabilidad de que sus activos se vean m\u00e1s afectados.<\/p>\n\t\t\t\t\t\t<\/div>\n\t\t\t\t\t\n\t\t\t\t\t\t\t\t\t<\/div>\n\t\t\t<\/div>\n\t\t<\/div>\n\t<\/div>\n<\/div>\n\n\n<div data-technosylva-block  class=\"left-right-block\">\n\t<div class=\"py-20 max-w-[2000px] mx-auto bg-white\">\n\t\t<div class=\"container space-y-12\">\n\t\t\t<div class=\"grid grid-cols-1 lg:grid-cols-12 gap-8 items-center\">\n\t\t\t\t<div class=\"lg:order-1 col-span-1 lg:col-span-8\">\n\t\t\t\t\t\n\t\t\t\t\t\t\t\t\t\t\t<figure class=\"space-y-6 flex flex-col captioned-figure\">\n\t\t\t\t\t\t\t<img decoding=\"async\" src=\"https:\/\/technosylva.com\/wp-content\/uploads\/2025\/10\/data_inputs.jpg\" alt=\"Diagram showing different data inputs going into Technosylva software\" \/>\n\t\t\t\t\t\t\t\t\t\t\t\t\t<\/figure>\n\t\t\t\t\t\n\t\t\t\t\t\t\t\t\t<\/div>\n\n\t\t\t\t<div class=\"lg:order-2 space-y-6 col-span-1 lg:col-span-4\">\n\t\t\t\t\t<div class=\"space-y-2\">\n\t\t\t\t\t\t\t\t\t\t\t\t\t<h4 class=\"heading--h6 font-bold font-mono text-red\">\n\t\t\t\t\t\t\t\tDATOS SOBRE REDUCCI\u00d3N DE RIESGOS\t\t\t\t\t\t\t<\/h4>\n\t\t\t\t\t\t\n\t\t\t\t\t\t\t\t\t\t\t\t\t<h3 class=\"heading--h4 font-normal\">\n\t\t\t\t\t\t\t\tRefuerce su WMP.\t\t\t\t\t\t\t<\/h3>\n\t\t\t\t\t\t\t\t\t\t\t<\/div>\n\n\t\t\t\t\t\t\t\t\t\t\t<div class=\"space-y-4 max-w-prose\">\n\t\t\t\t\t\t\t<p><span style=\"font-weight: 400;\">Elabore un plan de mitigaci\u00f3n de incendios forestales que defienda con firmeza sus principales prioridades. Valore la reducci\u00f3n de riesgos y la eficiencia en materia de riesgos y gastos mediante el an\u00e1lisis y los informes detallados sobre sus activos de mayor riesgo que le proporcionan nuestras mejores funciones de planificaci\u00f3n.<\/span><\/p>\n<p>&nbsp;<\/p>\n\t\t\t\t\t\t<\/div>\n\t\t\t\t\t\n\t\t\t\t\t\t\t\t\t<\/div>\n\t\t\t<\/div>\n\t\t<\/div>\n\t<\/div>\n<\/div>\n\n\n<div data-technosylva-block  class=\"max-w-[2000px] mx-auto prefooter-block bg-cream\">\n\t<div class=\"flex flex-col items-center relative container--narrow pb-[calc(15.625rem-125px)] pt-[15.625rem] min-h-[625px] justify-center text-center\">\n\t\t\t\t\t<div class=\"absolute top-0 left-[50%] -translate-x-1\/2 w-[259px]\">\n\t\t\t\t<img decoding=\"async\" src=\"https:\/\/technosylva.com\/wp-content\/uploads\/2025\/08\/TS_logo_icon.jpg\" alt=\"Technosylva icon\">\n\t\t\t<\/div>\n\t\t\n\t\t<div class=\"space-y-8 flex flex-col justify-center items-center h-full\">\n\t\t\t\t\t\t\t<h2 class=\"heading--h2 !font-normal\">Solicite una consulta personalizada.<\/h2>\n\t\t\t\n\t\t\t\t\t\t\t<div class=\"space-y-4 max-w-prose\">\n\t\t\t\t\t<div id=\"message-list_1757092183.432219\" class=\"c-virtual_list__item\" role=\"listitem\" data-qa=\"virtual-list-item\" data-item-key=\"1757092183.432219\">\n<div class=\"c-message_kit__background p-message_pane_message__message c-message_kit__message\" role=\"presentation\" data-qa=\"message_container\" data-qa-unprocessed=\"false\" data-qa-placeholder=\"false\">\n<div class=\"c-message_kit__hover\" role=\"document\" data-qa-hover=\"true\">\n<div class=\"c-message_kit__actions c-message_kit__actions--default\">\n<div class=\"c-message_kit__gutter\">\n<div class=\"c-message_kit__gutter__right\" role=\"presentation\" data-qa=\"message_content\">\n<div class=\"c-message_kit__blocks c-message_kit__blocks--rich_text\">\n<div class=\"c-message__message_blocks c-message__message_blocks--rich_text\" data-qa=\"message-text\">\n<div class=\"p-block_kit_renderer\" data-qa=\"block-kit-renderer\">\n<div class=\"p-block_kit_renderer__block_wrapper p-block_kit_renderer__block_wrapper--first\">\n<div class=\"p-rich_text_block\" dir=\"auto\">\n<div class=\"p-rich_text_section\">Le ayudaremos a comprender mejor los riesgos de los incendios forestales y las condiciones meteorol\u00f3gicas extremas y analizaremos los pasos a seguir. Ind\u00edquenos cu\u00e1les son sus necesidades y le pondremos en contacto con el equipo m\u00e1s adecuado. <\/div>\n<\/div>\n<\/div>\n<\/div>\n<\/div>\n<\/div>\n<\/div>\n<\/div>\n<\/div>\n<\/div>\n<\/div>\n<\/div>\n\t\t\t\t<\/div>\n\t\t\t\n\t\t\t\t\t\t\t<a href=\"https:\/\/technosylva.com\/contact\/\" class=\"btn btn--primary block\">HABLEMOS<\/a>\n\t\t\t\t\t<\/div>\n\t<\/div>\n<\/div>\n","protected":false},"excerpt":{"rendered":"","protected":false},"author":1,"featured_media":0,"parent":3789,"menu_order":0,"comment_status":"closed","ping_status":"closed","template":"","meta":{"_acf_changed":false,"footnotes":""},"class_list":["post-3791","page","type-page","status-publish","hentry"],"acf":[],"yoast_head":"<!-- This site is optimized with the Yoast SEO plugin v26.8 - https:\/\/yoast.com\/product\/yoast-seo-wordpress\/ -->\n<title>Planificaci\u00f3n para incendios y condiciones clim\u00e1ticas extremas (Firesight\u2122) - Technosylva<\/title>\n<meta name=\"robots\" content=\"index, follow, max-snippet:-1, max-image-preview:large, max-video-preview:-1\" \/>\n<link rel=\"canonical\" href=\"https:\/\/technosylva.com\/es\/productos\/planificacion-de-incendios-y-condiciones-meteorologicas-extremas\/\" \/>\n<meta name=\"twitter:card\" content=\"summary_large_image\" \/>\n<meta name=\"twitter:title\" content=\"Planificaci\u00f3n para incendios y condiciones clim\u00e1ticas extremas (Firesight\u2122) - Technosylva\" \/>\n<meta name=\"twitter:site\" content=\"@technosylva\" \/>\n<meta name=\"twitter:label1\" content=\"Est. reading time\" \/>\n\t<meta name=\"twitter:data1\" content=\"3 minutos\" \/>\n<script type=\"application\/ld+json\" class=\"yoast-schema-graph\">{\"@context\":\"https:\/\/schema.org\",\"@graph\":[{\"@type\":\"WebPage\",\"@id\":\"https:\/\/technosylva.com\/es\/productos\/planificacion-de-incendios-y-condiciones-meteorologicas-extremas\/\",\"url\":\"https:\/\/technosylva.com\/es\/productos\/planificacion-de-incendios-y-condiciones-meteorologicas-extremas\/\",\"name\":\"Planificaci\u00f3n para incendios y condiciones clim\u00e1ticas extremas (Firesight\u2122) - Technosylva\",\"isPartOf\":{\"@id\":\"https:\/\/technosylva.com\/es\/#website\"},\"datePublished\":\"2024-10-03T19:13:46+00:00\",\"dateModified\":\"2025-12-04T01:44:52+00:00\",\"breadcrumb\":{\"@id\":\"https:\/\/technosylva.com\/es\/productos\/planificacion-de-incendios-y-condiciones-meteorologicas-extremas\/#breadcrumb\"},\"inLanguage\":\"es\",\"potentialAction\":[{\"@type\":\"ReadAction\",\"target\":[\"https:\/\/technosylva.com\/es\/productos\/planificacion-de-incendios-y-condiciones-meteorologicas-extremas\/\"]}]},{\"@type\":\"BreadcrumbList\",\"@id\":\"https:\/\/technosylva.com\/es\/productos\/planificacion-de-incendios-y-condiciones-meteorologicas-extremas\/#breadcrumb\",\"itemListElement\":[{\"@type\":\"ListItem\",\"position\":1,\"name\":\"Home\",\"item\":\"https:\/\/technosylva.com\/es\/\"},{\"@type\":\"ListItem\",\"position\":2,\"name\":\"Productos (no elimines esta p\u00e1gina)\",\"item\":\"https:\/\/technosylva.com\/es\/productos\/\"},{\"@type\":\"ListItem\",\"position\":3,\"name\":\"Planificaci\u00f3n para incendios y condiciones clim\u00e1ticas extremas (Firesight\u2122)\"}]},{\"@type\":\"WebSite\",\"@id\":\"https:\/\/technosylva.com\/es\/#website\",\"url\":\"https:\/\/technosylva.com\/es\/\",\"name\":\"Technosylva\",\"description\":\"\",\"publisher\":{\"@id\":\"https:\/\/technosylva.com\/es\/#organization\"},\"potentialAction\":[{\"@type\":\"SearchAction\",\"target\":{\"@type\":\"EntryPoint\",\"urlTemplate\":\"https:\/\/technosylva.com\/es\/?s={search_term_string}\"},\"query-input\":{\"@type\":\"PropertyValueSpecification\",\"valueRequired\":true,\"valueName\":\"search_term_string\"}}],\"inLanguage\":\"es\"},{\"@type\":\"Organization\",\"@id\":\"https:\/\/technosylva.com\/es\/#organization\",\"name\":\"Technosylva\",\"url\":\"https:\/\/technosylva.com\/es\/\",\"logo\":{\"@type\":\"ImageObject\",\"inLanguage\":\"es\",\"@id\":\"https:\/\/technosylva.com\/es\/#\/schema\/logo\/image\/\",\"url\":\"https:\/\/technosylva.com\/wp-content\/uploads\/2025\/08\/logo.svg\",\"contentUrl\":\"https:\/\/technosylva.com\/wp-content\/uploads\/2025\/08\/logo.svg\",\"width\":1,\"height\":1,\"caption\":\"Technosylva\"},\"image\":{\"@id\":\"https:\/\/technosylva.com\/es\/#\/schema\/logo\/image\/\"},\"sameAs\":[\"https:\/\/x.com\/technosylva\",\"https:\/\/www.linkedin.com\/company\/technosylva\"]}]}<\/script>\n<!-- \/ Yoast SEO plugin. -->","yoast_head_json":{"title":"Planificaci\u00f3n para incendios y condiciones clim\u00e1ticas extremas (Firesight\u2122) - Technosylva","robots":{"index":"index","follow":"follow","max-snippet":"max-snippet:-1","max-image-preview":"max-image-preview:large","max-video-preview":"max-video-preview:-1"},"canonical":"https:\/\/technosylva.com\/es\/productos\/planificacion-de-incendios-y-condiciones-meteorologicas-extremas\/","twitter_card":"summary_large_image","twitter_title":"Planificaci\u00f3n para incendios y condiciones clim\u00e1ticas extremas (Firesight\u2122) - Technosylva","twitter_site":"@technosylva","twitter_misc":{"Est. reading time":"3 minutos"},"schema":{"@context":"https:\/\/schema.org","@graph":[{"@type":"WebPage","@id":"https:\/\/technosylva.com\/es\/productos\/planificacion-de-incendios-y-condiciones-meteorologicas-extremas\/","url":"https:\/\/technosylva.com\/es\/productos\/planificacion-de-incendios-y-condiciones-meteorologicas-extremas\/","name":"Planificaci\u00f3n para incendios y condiciones clim\u00e1ticas extremas (Firesight\u2122) - Technosylva","isPartOf":{"@id":"https:\/\/technosylva.com\/es\/#website"},"datePublished":"2024-10-03T19:13:46+00:00","dateModified":"2025-12-04T01:44:52+00:00","breadcrumb":{"@id":"https:\/\/technosylva.com\/es\/productos\/planificacion-de-incendios-y-condiciones-meteorologicas-extremas\/#breadcrumb"},"inLanguage":"es","potentialAction":[{"@type":"ReadAction","target":["https:\/\/technosylva.com\/es\/productos\/planificacion-de-incendios-y-condiciones-meteorologicas-extremas\/"]}]},{"@type":"BreadcrumbList","@id":"https:\/\/technosylva.com\/es\/productos\/planificacion-de-incendios-y-condiciones-meteorologicas-extremas\/#breadcrumb","itemListElement":[{"@type":"ListItem","position":1,"name":"Home","item":"https:\/\/technosylva.com\/es\/"},{"@type":"ListItem","position":2,"name":"Productos (no elimines esta p\u00e1gina)","item":"https:\/\/technosylva.com\/es\/productos\/"},{"@type":"ListItem","position":3,"name":"Planificaci\u00f3n para incendios y condiciones clim\u00e1ticas extremas (Firesight\u2122)"}]},{"@type":"WebSite","@id":"https:\/\/technosylva.com\/es\/#website","url":"https:\/\/technosylva.com\/es\/","name":"Technosylva","description":"","publisher":{"@id":"https:\/\/technosylva.com\/es\/#organization"},"potentialAction":[{"@type":"SearchAction","target":{"@type":"EntryPoint","urlTemplate":"https:\/\/technosylva.com\/es\/?s={search_term_string}"},"query-input":{"@type":"PropertyValueSpecification","valueRequired":true,"valueName":"search_term_string"}}],"inLanguage":"es"},{"@type":"Organization","@id":"https:\/\/technosylva.com\/es\/#organization","name":"Technosylva","url":"https:\/\/technosylva.com\/es\/","logo":{"@type":"ImageObject","inLanguage":"es","@id":"https:\/\/technosylva.com\/es\/#\/schema\/logo\/image\/","url":"https:\/\/technosylva.com\/wp-content\/uploads\/2025\/08\/logo.svg","contentUrl":"https:\/\/technosylva.com\/wp-content\/uploads\/2025\/08\/logo.svg","width":1,"height":1,"caption":"Technosylva"},"image":{"@id":"https:\/\/technosylva.com\/es\/#\/schema\/logo\/image\/"},"sameAs":["https:\/\/x.com\/technosylva","https:\/\/www.linkedin.com\/company\/technosylva"]}]}},"_links":{"self":[{"href":"https:\/\/technosylva.com\/es\/wp-json\/wp\/v2\/pages\/3791","targetHints":{"allow":["GET"]}}],"collection":[{"href":"https:\/\/technosylva.com\/es\/wp-json\/wp\/v2\/pages"}],"about":[{"href":"https:\/\/technosylva.com\/es\/wp-json\/wp\/v2\/types\/page"}],"author":[{"embeddable":true,"href":"https:\/\/technosylva.com\/es\/wp-json\/wp\/v2\/users\/1"}],"replies":[{"embeddable":true,"href":"https:\/\/technosylva.com\/es\/wp-json\/wp\/v2\/comments?post=3791"}],"version-history":[{"count":0,"href":"https:\/\/technosylva.com\/es\/wp-json\/wp\/v2\/pages\/3791\/revisions"}],"up":[{"embeddable":true,"href":"https:\/\/technosylva.com\/es\/wp-json\/wp\/v2\/pages\/3789"}],"wp:attachment":[{"href":"https:\/\/technosylva.com\/es\/wp-json\/wp\/v2\/media?parent=3791"}],"curies":[{"name":"wp","href":"https:\/\/api.w.org\/{rel}","templated":true}]}}