{"id":3784,"date":"2025-08-03T19:20:14","date_gmt":"2025-08-03T19:20:14","guid":{"rendered":"https:\/\/technosylva.com\/aviso-sobre-cookies\/"},"modified":"2025-10-07T00:02:43","modified_gmt":"2025-10-07T00:02:43","slug":"aviso-sobre-cookies","status":"publish","type":"page","link":"https:\/\/technosylva.com\/es\/aviso-sobre-cookies\/","title":{"rendered":"Aviso sobre cookies"},"content":{"rendered":"<div data-technosylva-block  class=\"py-20 rich-text-block\">\n\t<div class=\"container space-y-10\">\n\t\t<div class=\"mx-auto rich-text\">\n\t\t\t<div class=\"acf-innerblocks-container\">\n\n<h2 class=\"wp-block-heading\">Aviso sobre cookies<\/h2>\n\n\n\n<p><strong>\u00daltima actualizaci\u00f3n: <\/strong>6 de agosto de 20-24<\/p>\n\n\n\n<p>TechnoSylva utiliza cookies, balizas web y otras tecnolog\u00edas (colectivamente \u00abCookies\u00bb) cuando utilizas cualquiera de los sitios web, sitios m\u00f3viles o aplicaciones m\u00f3viles de TechnoSylva (colectivamente los \u00abServicios\u00bb). Este Aviso explica qu\u00e9 son las Cookies, por qu\u00e9 las utilizamos y c\u00f3mo puedes gestionar su uso. <\/p>\n\n\n\n<h4 class=\"wp-block-heading\">Aviso sobre cookies<\/h4>\n\n\n\n<p>Si no deseas aceptar el uso de Cookies, desact\u00edvalas siguiendo las instrucciones que se indican a continuaci\u00f3n en este Aviso o cambiando la configuraci\u00f3n de tu navegador para que no se puedan colocar Cookies en tu ordenador o dispositivo m\u00f3vil. Deshabilitar ciertas Cookies (es decir, las Cookies Esenciales) puede hacer que los Servicios sean inaccesibles en su totalidad o en parte. <\/p>\n\n\n\n<h4 class=\"wp-block-heading\">\u00bfQu\u00e9 son las cookies?<\/h4>\n\n\n\n<p><strong> <\/strong>Las cookies son archivos de texto que contienen peque\u00f1as cantidades de informaci\u00f3n que se descargan autom\u00e1ticamente en tu ordenador o dispositivo cuando visitas un sitio web. Las cookies env\u00edan datos de vuelta al sitio web de origen en cada visita posterior, o comparten datos con otros sitios web que reconocen esa cookie. <\/p>\n\n\n\n<p>Las cookies son \u00fatiles porque permiten que un sitio web reconozca el dispositivo de un usuario a lo largo del tiempo. Pueden utilizarse para muchas actividades diferentes, como permitirte navegar entre p\u00e1ginas de forma eficiente, recordar tus preferencias, personalizar tu experiencia en l\u00ednea y, en general, mejorar la experiencia del usuario. Tambi\u00e9n pueden ayudar a garantizar que los anuncios que ves en Internet sean m\u00e1s relevantes para ti y tus intereses.  <\/p>\n\n\n\n<h4 class=\"wp-block-heading\">\u00bfC\u00f3mo utilizamos las cookies?<\/h4>\n\n\n\n<p>Utilizamos Cookies para diversos fines: para recordar tus preferencias, proporcionar funcionalidad de productos y sitios, analizar el uso de los Servicios, mejorar y personalizar tu experiencia y proporcionar publicidad online m\u00e1s adaptada a tus intereses.<\/p>\n\n\n\n<h4 class=\"wp-block-heading\">Tipos de cookies que utilizamos<\/h4>\n\n\n\n<p>Utilizamos cuatro tipos diferentes de Cookies:<\/p>\n\n\n\n<ul class=\"wp-block-list\">\n<li><strong>Cookies estrictamente necesarias<\/strong>. Se trata de Cookies necesarias para el funcionamiento de nuestros Servicios (por ejemplo, para permitirte iniciar sesi\u00f3n en \u00e1reas seguras de nuestros sitios web y cargar los Servicios). Sin estas Cookies, es posible que no puedas utilizar los Servicios o todas las funciones de los Servicios. Queremos que entiendas estas Cookies esenciales, y por qu\u00e9 las utilizamos, pero no necesitamos obtener tu consentimiento para utilizarlas en nuestros Servicios, ya que utilizamos estas Cookies s\u00f3lo para proporcionarte los servicios que has solicitado. No puedes optar por no utilizar estas Cookies.    <\/li>\n\n\n\n<li><strong>Cookies de funcionalidad.  <\/strong>Estas Cookies permiten que nuestros Servicios recuerden las elecciones que haces, como por ejemplo: recordar tus preferencias y ajustes; recordar si has rellenado una encuesta o participado en un sondeo o concurso o reaccionado de alguna otra forma a algo en o a trav\u00e9s de los Servicios, para que no se te pida que lo hagas de nuevo; recordar si has utilizado alguno de nuestros Servicios anteriormente; y recordar tu ubicaci\u00f3n. El objetivo de estas Cookies es proporcionarte una experiencia m\u00e1s personal para que no tengas que restablecer tus preferencias cada vez que utilices nuestros Servicios. Tambi\u00e9n utilizamos estas Cookies para proporcionar servicios mejorados, como permitirte ver un v\u00eddeo a trav\u00e9s de los Servicios. Como se describe a continuaci\u00f3n, puedes desactivar estas Cookies; pero si lo haces, es posible que varias funciones de nuestros Servicios no est\u00e9n disponibles para ti o que no funcionen como deseas.   <\/li>\n\n\n\n<li><strong>Cookies de rendimiento<\/strong>. Estas Cookies recogen informaci\u00f3n sobre c\u00f3mo los visitantes utilizan e interact\u00faan con nuestros Servicios, por ejemplo, a qu\u00e9 p\u00e1ginas van con m\u00e1s frecuencia. Estas Cookies tambi\u00e9n nos permiten personalizar el contenido y recordar tus preferencias (por ejemplo, tu elecci\u00f3n de idioma, pa\u00eds o regi\u00f3n). Estas Cookies nos ayudan a mejorar el funcionamiento de nuestros Servicios y a proporcionar una experiencia de usuario mejor y m\u00e1s personalizada.   <\/li>\n\n\n\n<li><strong>Cookies de orientaci\u00f3n<\/strong>. Estas Cookies registran tu visita a nuestros sitios web, las p\u00e1ginas que has visitado y los enlaces en los que has hecho clic. Recopilan informaci\u00f3n sobre tus h\u00e1bitos de navegaci\u00f3n y recuerdan que has visitado un sitio web. Nosotros (y las plataformas o redes publicitarias de terceros) podemos utilizar esta informaci\u00f3n para hacer que nuestros sitios web, contenidos y anuncios mostrados en nuestros Servicios y otros sitios web sean m\u00e1s relevantes para tus intereses (lo que a veces se denomina publicidad \u00abconductual\u00bb o \u00abdirigida\u00bb). Estos tipos de Cookies tambi\u00e9n se utilizan para limitar el n\u00famero de veces que ves un anuncio en l\u00ednea, as\u00ed como para ayudar a medir la eficacia de las campa\u00f1as publicitarias.    <\/li>\n<\/ul>\n\n\n\n<p>Para obtener m\u00e1s informaci\u00f3n sobre los anuncios basados en intereses y tus opciones, visita estos sitios: <a href=\"https:\/\/digitaladvertisingalliance.org\/\">\n  <strong>Alianza de Publicidad Digital<\/strong>\n<\/a>la <a href=\"https:\/\/thenai.org\/\">\n  <strong>Iniciativa de Publicidad en Red<\/strong>\n<\/a>y la <a href=\"https:\/\/iabeurope.eu\/\">\n  <strong>Oficina de Publicidad Interactiva (IAB) Europa<\/strong>\n<\/a>.<\/p>\n\n\n\n<h4 class=\"wp-block-heading\">\u00bfCu\u00e1nto tiempo permanecen las Cookies en mi dispositivo?<\/h4>\n\n\n\n<p>Algunas Cookies funcionan desde el momento en que visitas un sitio web de TechnoSylva o hasta el final de esa sesi\u00f3n de navegaci\u00f3n web en particular. Estas Cookies caducan y se eliminan autom\u00e1ticamente cuando cierras tu navegador de Internet. Estas Cookies se denominan Cookies de \u00absesi\u00f3n\u00bb.  <\/p>\n\n\n\n<p>Algunas Cookies permanecer\u00e1n en tu dispositivo entre sesiones de navegaci\u00f3n &#8211; no caducan cuando cierras tu navegador. Estas Cookies se denominan Cookies \u00abpersistentes\u00bb. El tiempo que una cookie persistente permanece en tu dispositivo var\u00eda de una cookie a otra.  <\/p>\n\n\n\n<h4 class=\"wp-block-heading\">Cookies de terceros<strong> <\/strong><\/h4>\n\n\n\n<p>Ten en cuenta que terceros (incluyendo, por ejemplo, redes publicitarias y proveedores de servicios externos como servicios de an\u00e1lisis de tr\u00e1fico web) tambi\u00e9n pueden utilizar Cookies en nuestros Servicios.<\/p>\n\n\n\n<p>Utilizamos socios de confianza como Google para ayudarnos a servir publicidad y empresas de an\u00e1lisis como Google Analytics (ver m\u00e1s abajo) que pueden colocar Cookies en tu dispositivo.<\/p>\n\n\n\n<p>Tenemos poco control sobre estas Cookies de \u00abterceros\u00bb, por lo que te sugerimos que compruebes las respectivas pol\u00edticas de privacidad de estos servicios externos para ayudarte a entender qu\u00e9 datos tienen estas organizaciones sobre ti y qu\u00e9 hacen con ellos.<\/p>\n\n\n\n<h4 class=\"wp-block-heading\">C\u00f3mo controlar qu\u00e9 Cookies se establecen<\/h4>\n\n\n\n<p>Hay varias formas de gestionar qu\u00e9 Cookies se establecen en tus dispositivos. Sin embargo, como se ha explicado anteriormente, las Cookies esenciales no se pueden desactivar. Si bloqueas determinadas Cookies, es posible que no puedas acceder a los Servicios y\/o que el rendimiento, las caracter\u00edsticas o los Servicios no funcionen de la forma prevista.<\/p>\n\n\n\n<h4 class=\"wp-block-heading\">Tus elecciones de cookies<\/h4>\n\n\n\n<p><strong>Todas las cookies<\/strong>: Dependiendo de tu jurisdicci\u00f3n de residencia, puedes gestionar algunas o todas las Cookies haciendo clic en el icono \u00abcookie\u00bb situado en la parte inferior izquierda de nuestro sitio web.<\/p>\n\n\n\n<p>Tambi\u00e9n puedes gestionar todos los tipos de Cookies de tu navegador web. Como la forma de activar o desactivar las Cookies var\u00eda de un navegador web a otro, debes visitar el men\u00fa de ayuda de tu navegador web para obtener m\u00e1s informaci\u00f3n sobre las preferencias de Cookies. Tambi\u00e9n puedes configurar tu navegador en cualquier momento para que se te notifique la recepci\u00f3n de una Cookie, de forma que puedas decidir si quieres aceptarla o no. Las cookies no leen en ning\u00fan caso los datos de tu disco duro y puedes borrarlas de tu ordenador en cualquier momento. Por el momento, es t\u00e9cnicamente imposible que sincronices tus ajustes entre tus navegadores y tus dispositivos (tu ordenador o tu smartphone). Debes configurarlos en cada navegador\/dispositivo que utilices actualmente y cada vez que utilices un nuevo navegador o dispositivo.<\/p>\n\n\n\n<p><strong>Cookies de orientaci\u00f3n:<\/strong> Si est\u00e1s interesado en obtener m\u00e1s informaci\u00f3n sobre la publicidad en l\u00ednea adaptada y sobre c\u00f3mo puedes controlar en general que no se coloquen cookies en tu ordenador para ofrecer publicidad adaptada, puedes visitar el <a href=\"http:\/\/optout.networkadvertising.org\/?c=1#!\/\" target=\"_blank\" rel=\"noreferrer noopener\">enlace Consumer Opt-Out de la Network Advertising Initiative<\/a>, el <a href=\"http:\/\/optout.aboutads.info\/?c=2#!\/\" target=\"_blank\" rel=\"noreferrer noopener\">enlace Consumer Opt-Out de la Digital Advertising Alliance<\/a> o <a href=\"http:\/\/www.youronlinechoices.eu\/\" target=\"_blank\" rel=\"noreferrer noopener\">Your Online Choices<\/a> para optar por no recibir publicidad adaptada de las empresas que participan en esos programas. Para inhabilitar Google Analytics para la publicidad gr\u00e1fica o personalizar los anuncios de la red gr\u00e1fica de Google, visita la p\u00e1gina <a href=\"https:\/\/adssettings.google.com\/authenticated\" target=\"_blank\" rel=\"noreferrer noopener\">Configuraci\u00f3n de los anuncios de Google<\/a>.<\/p>\n\n\n\n<h4 class=\"wp-block-heading\">Se\u00f1ales de No Rastrear<strong> <\/strong><\/h4>\n\n\n\n<p>No existe una norma o definici\u00f3n uniforme o coherente para responder, procesar o comunicar las se\u00f1ales de No Seguir. En este momento, los Servicios de TechnoSylva no funcionan de forma diferente en funci\u00f3n de la se\u00f1al \u00abDo Not Track\u00bb del usuario. Para m\u00e1s informaci\u00f3n sobre las se\u00f1ales \u00abNo seguir\u00bb, consulta <a href=\"https:\/\/allaboutdnt.com\/\" target=\"_blank\" rel=\"noreferrer noopener\">Todo sobre \u00abNo seguir\u00bb<\/a>.<\/p>\n\n\n\n<h5 class=\"wp-block-heading\">M\u00e1s informaci\u00f3n<strong> <\/strong><\/h5>\n\n\n\n<p>Si tienes alguna pregunta sobre c\u00f3mo utiliza TechnoSylva las Cookies, puedes ponerte en contacto con TechnoSylva enviando un correo electr\u00f3nico <a href=\"mailto:privacy@technostage.wpenginepowered.com\">a privacy@technostage.wpenginepowered.com.<\/a><\/p>\n\n<\/div>\n\t\t<\/div>\n\t<\/div>\n<\/div>\n\n<p><\/p>\n","protected":false},"excerpt":{"rendered":"","protected":false},"author":1,"featured_media":0,"parent":0,"menu_order":0,"comment_status":"closed","ping_status":"closed","template":"","meta":{"_acf_changed":false,"footnotes":""},"class_list":["post-3784","page","type-page","status-publish","hentry"],"acf":[],"yoast_head":"<!-- This site is optimized with the Yoast SEO plugin v26.8 - https:\/\/yoast.com\/product\/yoast-seo-wordpress\/ -->\n<title>Aviso sobre cookies - Technosylva<\/title>\n<meta name=\"robots\" content=\"index, follow, max-snippet:-1, max-image-preview:large, max-video-preview:-1\" \/>\n<link rel=\"canonical\" href=\"https:\/\/technosylva.com\/es\/aviso-sobre-cookies\/\" \/>\n<meta name=\"twitter:card\" content=\"summary_large_image\" \/>\n<meta name=\"twitter:title\" content=\"Aviso sobre cookies - Technosylva\" \/>\n<meta name=\"twitter:site\" content=\"@technosylva\" \/>\n<meta name=\"twitter:label1\" content=\"Est. reading time\" \/>\n\t<meta name=\"twitter:data1\" content=\"7 minutos\" \/>\n<script type=\"application\/ld+json\" class=\"yoast-schema-graph\">{\"@context\":\"https:\/\/schema.org\",\"@graph\":[{\"@type\":\"WebPage\",\"@id\":\"https:\/\/technosylva.com\/es\/aviso-sobre-cookies\/\",\"url\":\"https:\/\/technosylva.com\/es\/aviso-sobre-cookies\/\",\"name\":\"Aviso sobre cookies - Technosylva\",\"isPartOf\":{\"@id\":\"https:\/\/technosylva.com\/es\/#website\"},\"datePublished\":\"2025-08-03T19:20:14+00:00\",\"dateModified\":\"2025-10-07T00:02:43+00:00\",\"breadcrumb\":{\"@id\":\"https:\/\/technosylva.com\/es\/aviso-sobre-cookies\/#breadcrumb\"},\"inLanguage\":\"es\",\"potentialAction\":[{\"@type\":\"ReadAction\",\"target\":[\"https:\/\/technosylva.com\/es\/aviso-sobre-cookies\/\"]}]},{\"@type\":\"BreadcrumbList\",\"@id\":\"https:\/\/technosylva.com\/es\/aviso-sobre-cookies\/#breadcrumb\",\"itemListElement\":[{\"@type\":\"ListItem\",\"position\":1,\"name\":\"Home\",\"item\":\"https:\/\/technosylva.com\/es\/\"},{\"@type\":\"ListItem\",\"position\":2,\"name\":\"Aviso sobre cookies\"}]},{\"@type\":\"WebSite\",\"@id\":\"https:\/\/technosylva.com\/es\/#website\",\"url\":\"https:\/\/technosylva.com\/es\/\",\"name\":\"Technosylva\",\"description\":\"\",\"publisher\":{\"@id\":\"https:\/\/technosylva.com\/es\/#organization\"},\"potentialAction\":[{\"@type\":\"SearchAction\",\"target\":{\"@type\":\"EntryPoint\",\"urlTemplate\":\"https:\/\/technosylva.com\/es\/?s={search_term_string}\"},\"query-input\":{\"@type\":\"PropertyValueSpecification\",\"valueRequired\":true,\"valueName\":\"search_term_string\"}}],\"inLanguage\":\"es\"},{\"@type\":\"Organization\",\"@id\":\"https:\/\/technosylva.com\/es\/#organization\",\"name\":\"Technosylva\",\"url\":\"https:\/\/technosylva.com\/es\/\",\"logo\":{\"@type\":\"ImageObject\",\"inLanguage\":\"es\",\"@id\":\"https:\/\/technosylva.com\/es\/#\/schema\/logo\/image\/\",\"url\":\"https:\/\/technosylva.com\/wp-content\/uploads\/2025\/08\/logo.svg\",\"contentUrl\":\"https:\/\/technosylva.com\/wp-content\/uploads\/2025\/08\/logo.svg\",\"width\":1,\"height\":1,\"caption\":\"Technosylva\"},\"image\":{\"@id\":\"https:\/\/technosylva.com\/es\/#\/schema\/logo\/image\/\"},\"sameAs\":[\"https:\/\/x.com\/technosylva\",\"https:\/\/www.linkedin.com\/company\/technosylva\"]}]}<\/script>\n<!-- \/ Yoast SEO plugin. -->","yoast_head_json":{"title":"Aviso sobre cookies - Technosylva","robots":{"index":"index","follow":"follow","max-snippet":"max-snippet:-1","max-image-preview":"max-image-preview:large","max-video-preview":"max-video-preview:-1"},"canonical":"https:\/\/technosylva.com\/es\/aviso-sobre-cookies\/","twitter_card":"summary_large_image","twitter_title":"Aviso sobre cookies - Technosylva","twitter_site":"@technosylva","twitter_misc":{"Est. reading time":"7 minutos"},"schema":{"@context":"https:\/\/schema.org","@graph":[{"@type":"WebPage","@id":"https:\/\/technosylva.com\/es\/aviso-sobre-cookies\/","url":"https:\/\/technosylva.com\/es\/aviso-sobre-cookies\/","name":"Aviso sobre cookies - Technosylva","isPartOf":{"@id":"https:\/\/technosylva.com\/es\/#website"},"datePublished":"2025-08-03T19:20:14+00:00","dateModified":"2025-10-07T00:02:43+00:00","breadcrumb":{"@id":"https:\/\/technosylva.com\/es\/aviso-sobre-cookies\/#breadcrumb"},"inLanguage":"es","potentialAction":[{"@type":"ReadAction","target":["https:\/\/technosylva.com\/es\/aviso-sobre-cookies\/"]}]},{"@type":"BreadcrumbList","@id":"https:\/\/technosylva.com\/es\/aviso-sobre-cookies\/#breadcrumb","itemListElement":[{"@type":"ListItem","position":1,"name":"Home","item":"https:\/\/technosylva.com\/es\/"},{"@type":"ListItem","position":2,"name":"Aviso sobre cookies"}]},{"@type":"WebSite","@id":"https:\/\/technosylva.com\/es\/#website","url":"https:\/\/technosylva.com\/es\/","name":"Technosylva","description":"","publisher":{"@id":"https:\/\/technosylva.com\/es\/#organization"},"potentialAction":[{"@type":"SearchAction","target":{"@type":"EntryPoint","urlTemplate":"https:\/\/technosylva.com\/es\/?s={search_term_string}"},"query-input":{"@type":"PropertyValueSpecification","valueRequired":true,"valueName":"search_term_string"}}],"inLanguage":"es"},{"@type":"Organization","@id":"https:\/\/technosylva.com\/es\/#organization","name":"Technosylva","url":"https:\/\/technosylva.com\/es\/","logo":{"@type":"ImageObject","inLanguage":"es","@id":"https:\/\/technosylva.com\/es\/#\/schema\/logo\/image\/","url":"https:\/\/technosylva.com\/wp-content\/uploads\/2025\/08\/logo.svg","contentUrl":"https:\/\/technosylva.com\/wp-content\/uploads\/2025\/08\/logo.svg","width":1,"height":1,"caption":"Technosylva"},"image":{"@id":"https:\/\/technosylva.com\/es\/#\/schema\/logo\/image\/"},"sameAs":["https:\/\/x.com\/technosylva","https:\/\/www.linkedin.com\/company\/technosylva"]}]}},"_links":{"self":[{"href":"https:\/\/technosylva.com\/es\/wp-json\/wp\/v2\/pages\/3784","targetHints":{"allow":["GET"]}}],"collection":[{"href":"https:\/\/technosylva.com\/es\/wp-json\/wp\/v2\/pages"}],"about":[{"href":"https:\/\/technosylva.com\/es\/wp-json\/wp\/v2\/types\/page"}],"author":[{"embeddable":true,"href":"https:\/\/technosylva.com\/es\/wp-json\/wp\/v2\/users\/1"}],"replies":[{"embeddable":true,"href":"https:\/\/technosylva.com\/es\/wp-json\/wp\/v2\/comments?post=3784"}],"version-history":[{"count":0,"href":"https:\/\/technosylva.com\/es\/wp-json\/wp\/v2\/pages\/3784\/revisions"}],"wp:attachment":[{"href":"https:\/\/technosylva.com\/es\/wp-json\/wp\/v2\/media?parent=3784"}],"curies":[{"name":"wp","href":"https:\/\/api.w.org\/{rel}","templated":true}]}}