{"id":3780,"date":"2025-07-23T17:44:41","date_gmt":"2025-07-23T17:44:41","guid":{"rendered":"https:\/\/technosylva.com\/nuestro-canal-etico\/"},"modified":"2025-10-07T00:02:43","modified_gmt":"2025-10-07T00:02:43","slug":"nuestro-canal-etico","status":"publish","type":"page","link":"https:\/\/technosylva.com\/es\/nuestro-canal-etico\/","title":{"rendered":"Nuestro Canal \u00c9tico"},"content":{"rendered":"<div data-technosylva-block  class=\"py-20 rich-text-block\">\n\t<div class=\"container space-y-10\">\n\t\t<div class=\"mx-auto rich-text\">\n\t\t\t<div class=\"acf-innerblocks-container\">\n\n<h2 class=\"wp-block-heading\">Nuestro Canal \u00c9tico<\/h2>\n\n\n\n<p><strong>Technosylva<\/strong> est\u00e1 plenamente comprometida con el cumplimiento legal y el comportamiento \u00e9tico y transparente en sus actuaciones internas y externas, lo que se traduce en diferentes procedimientos y medidas como la implantaci\u00f3n de un Canal \u00c9tico.<\/p>\n\n\n\n<p>La creaci\u00f3n e implantaci\u00f3n del Canal \u00c9tico de <strong>Technosylva<\/strong> responde no s\u00f3lo al cumplimiento de la obligaci\u00f3n legal establecida en <em>la Ley 2\/2023<\/em>, de 20 de febrero, reguladora de la protecci\u00f3n de las personas que denuncien incumplimientos normativos y de lucha contra la corrupci\u00f3n, que transpone la Directiva <em>(UE) 2019\/1937<\/em> (\u00abDirectiva Whistleblowing\u00bb), sino tambi\u00e9n a reforzar el compromiso de <strong>Technosylva<\/strong> con el cumplimiento legal y el comportamiento \u00e9tico y transparente. Toda la informaci\u00f3n relativa al Canal \u00c9tico y al Sistema de Informaci\u00f3n Interna est\u00e1 disponible en el siguiente <a href=\"https:\/\/technosylva.com\/wp-content\/uploads\/2024\/08\/Politica-del-Sistema-Interno-de-Informacion.pdf\" target=\"_blank\" rel=\"noreferrer noopener\">enlace<\/a>.<\/p>\n\n\n\n<p><strong>El<\/strong> Canal \u00c9tico de <strong>Technosylva<\/strong> es el instrumento a trav\u00e9s del cual las personas que forman parte de <strong>Technosylva<\/strong> internamente y los terceros que se relacionan con ella (clientes, proveedores y otros) pueden comunicar el conocimiento de la comisi\u00f3n o sospecha de comisi\u00f3n de un acto irregular o il\u00edcito relacionado con diferentes materias (malas pr\u00e1cticas en relaci\u00f3n con el uso de activos, irregularidades financieras, comerciales, contables&#8230;etc.). Esta comunicaci\u00f3n ser\u00e1 gestionada eficazmente y con todas las garant\u00edas por el responsable del Canal \u00c9tico, siguiendo un procedimiento espec\u00edfico que puedes consultar en el siguiente <a href=\"https:\/\/technosylva.com\/wp-content\/uploads\/2024\/08\/Procedimiento-de-gestion-de-comunicaciones-.pdf\" target=\"_blank\" rel=\"noreferrer noopener\">enlace<\/a>.<\/p>\n\n\n\n<h4 class=\"wp-block-heading\">\u00bfNecesitas presentar una queja?<\/h4>\n\n\n\n<p>El Canal \u00c9tico de Technosylva es el medio id\u00f3neo para que puedas comunicar de forma totalmente confidencial y, si lo deseas, an\u00f3nima, los actos irregulares o ilegales de los que tengas conocimiento o sospechas fundadas de su comisi\u00f3n.<\/p>\n\n\n\n<p>Su funcionamiento es sencillo y est\u00e1 permanentemente accesible, lo que te permite comunicarte en cualquier momento. Para facilitar el conocimiento y resolver dudas sobre el procedimiento de comunicaci\u00f3n, ponemos a tu disposici\u00f3n el <strong>Manual de Usuario del Canal \u00c9tico<\/strong> en el siguiente <a href=\"https:\/\/technosylva.com\/wp-content\/uploads\/2024\/08\/Manual-de-Uso-del-Canal-Etico-.pdf\" target=\"_blank\" rel=\"noreferrer noopener\">enlace <\/a><strong>.<\/strong><\/p>\n\n\n\n<p><strong>Antes de iniciar el proceso de comunicaci\u00f3n, te recordamos que debes leer y aceptar la Pol\u00edtica de Protecci\u00f3n de Datos.<\/strong><\/p>\n\n\n\n<p><strong>Ser\u00e1s redirigido a una plataforma externa, por lo que te informamos que las Cookies all\u00ed utilizadas son independientes y ajenas a las utilizadas en el sitio web de Technosylva.<\/strong><\/p>\n\n\n\n<h4 class=\"wp-block-heading\">Pol\u00edtica de protecci\u00f3n de datos<\/h4>\n\n\n\n<p>El responsable de este sitio web es TECHNOSYLVA, SLU, con CIF B24352296 y domicilio social en C\/Nicostrato Vela S\/N (Edificio Technosylva) Parque Tecnol\u00f3gico de Le\u00f3n, 24009-Le\u00f3n (Espa\u00f1a).<\/p>\n\n\n\n<h5 class=\"wp-block-heading\">Informaci\u00f3n b\u00e1sica sobre la protecci\u00f3n de datos personales<\/h5>\n\n\n\n<ul class=\"wp-block-list\">\n<li><strong>Responsable:<\/strong> el Responsable es TECHNOSYLVA, SLU<\/li>\n\n\n\n<li><strong>Fuente de datos:<\/strong> el propio informante.<\/li>\n\n\n\n<li><strong>Finalidad:<\/strong> gesti\u00f3n y, en su caso, tramitaci\u00f3n y resoluci\u00f3n de las comunicaciones realizadas por el denunciante que versen sobre hechos il\u00edcitos o irregulares de los que tenga conocimiento o sospecha razonable de su comisi\u00f3n.<\/li>\n\n\n\n<li><strong>Legitimaci\u00f3n:<\/strong> la legitimaci\u00f3n se basa en el cumplimiento de una obligaci\u00f3n legal (art. 6.1 c) GDPR) y en el cumplimiento de una misi\u00f3n realizada en inter\u00e9s p\u00fablico o en el ejercicio de poderes p\u00fablicos conferidos al Responsable del Tratamiento (art. 6.1 e) GDPR).<\/li>\n\n\n\n<li><strong>Destinatarios:<\/strong> Los datos comunicados no ser\u00e1n cedidos a terceros, salvo al proveedor independiente que realice las funciones de cumplimiento normativo en TECHNOSYLVA, SLU y en aquellos supuestos leg\u00edtimamente establecidos, en los que podr\u00e1n ser comunicados a organismos o instituciones p\u00fablicas.<\/li>\n\n\n\n<li><strong>Derechos:<\/strong> El sujeto obligado podr\u00e1 ejercitar los derechos de acceso, rectificaci\u00f3n, supresi\u00f3n, limitaci\u00f3n del tratamiento y oposici\u00f3n en cualquier momento; as\u00ed como cualesquiera otros derechos reconocidos por la normativa aplicable en materia de datos.<\/li>\n<\/ul>\n\n\n\n<h5 class=\"wp-block-heading\">Informaci\u00f3n adicional sobre protecci\u00f3n de datos<\/h5>\n\n\n\n<p>Si deseas consultar la informaci\u00f3n sobre protecci\u00f3n de datos de forma m\u00e1s extensa y detallada, ponemos a tu disposici\u00f3n la Pol\u00edtica de Privacidad del Canal \u00c9tico en el siguiente <a href=\"\/wp-content\/uploads\/2025\/08\/Politica-privacidad-Canal-Etico-.pdf\" target=\"_blank\" rel=\"noreferrer noopener\">enlace<\/a>.<\/p>\n\n<\/div>\n\t\t<\/div>\n\t<\/div>\n<\/div>\n<div data-technosylva-block  class=\"centered-rte-block py-20\">\n\t<div class=\"container space-y-10 text-center\">\n\t\t<div class=\"mx-auto text-center rich-text\">\n\t\t\t<div class=\"acf-innerblocks-container\">\n\n<p>Al hacer clic en el bot\u00f3n de abajo reconoces que has le\u00eddo y aceptas la Pol\u00edtica de Protecci\u00f3n de Datos.<\/p>\n\n\n\n<div class=\"wp-block-buttons is-layout-flex wp-block-buttons-is-layout-flex\">\n<div class=\"wp-block-button\"><a class=\"wp-block-button__link wp-element-button\" href=\"https:\/\/app.laworatory.com\/ethical-channel\/technosylva\" target=\"_blank\" rel=\"noreferrer noopener\">Presenta una queja<\/a><\/div>\n<\/div>\n\n<\/div>\n\t\t<\/div>\n\t<\/div>\n<\/div>\n","protected":false},"excerpt":{"rendered":"","protected":false},"author":1,"featured_media":0,"parent":0,"menu_order":0,"comment_status":"closed","ping_status":"closed","template":"","meta":{"_acf_changed":false,"footnotes":""},"class_list":["post-3780","page","type-page","status-publish","hentry"],"acf":[],"yoast_head":"<!-- This site is optimized with the Yoast SEO plugin v27.3 - https:\/\/yoast.com\/product\/yoast-seo-wordpress\/ -->\n<title>Nuestro Canal \u00c9tico - Technosylva<\/title>\n<meta name=\"robots\" content=\"index, follow, max-snippet:-1, max-image-preview:large, max-video-preview:-1\" \/>\n<link rel=\"canonical\" href=\"https:\/\/technosylva.com\/es\/nuestro-canal-etico\/\" \/>\n<meta name=\"twitter:card\" content=\"summary_large_image\" \/>\n<meta name=\"twitter:title\" content=\"Nuestro Canal \u00c9tico - Technosylva\" \/>\n<meta name=\"twitter:site\" content=\"@technosylva\" \/>\n<meta name=\"twitter:label1\" content=\"Est. reading time\" \/>\n\t<meta name=\"twitter:data1\" content=\"3 minutos\" \/>\n<script type=\"application\/ld+json\" class=\"yoast-schema-graph\">{\"@context\":\"https:\\\/\\\/schema.org\",\"@graph\":[{\"@type\":\"WebPage\",\"@id\":\"https:\\\/\\\/technosylva.com\\\/es\\\/nuestro-canal-etico\\\/\",\"url\":\"https:\\\/\\\/technosylva.com\\\/es\\\/nuestro-canal-etico\\\/\",\"name\":\"Nuestro Canal \u00c9tico - Technosylva\",\"isPartOf\":{\"@id\":\"https:\\\/\\\/technosylva.com\\\/es\\\/#website\"},\"datePublished\":\"2025-07-23T17:44:41+00:00\",\"dateModified\":\"2025-10-07T00:02:43+00:00\",\"breadcrumb\":{\"@id\":\"https:\\\/\\\/technosylva.com\\\/es\\\/nuestro-canal-etico\\\/#breadcrumb\"},\"inLanguage\":\"es\",\"potentialAction\":[{\"@type\":\"ReadAction\",\"target\":[\"https:\\\/\\\/technosylva.com\\\/es\\\/nuestro-canal-etico\\\/\"]}]},{\"@type\":\"BreadcrumbList\",\"@id\":\"https:\\\/\\\/technosylva.com\\\/es\\\/nuestro-canal-etico\\\/#breadcrumb\",\"itemListElement\":[{\"@type\":\"ListItem\",\"position\":1,\"name\":\"Home\",\"item\":\"https:\\\/\\\/technosylva.com\\\/es\\\/\"},{\"@type\":\"ListItem\",\"position\":2,\"name\":\"Nuestro Canal \u00c9tico\"}]},{\"@type\":\"WebSite\",\"@id\":\"https:\\\/\\\/technosylva.com\\\/es\\\/#website\",\"url\":\"https:\\\/\\\/technosylva.com\\\/es\\\/\",\"name\":\"Technosylva\",\"description\":\"\",\"publisher\":{\"@id\":\"https:\\\/\\\/technosylva.com\\\/es\\\/#organization\"},\"potentialAction\":[{\"@type\":\"SearchAction\",\"target\":{\"@type\":\"EntryPoint\",\"urlTemplate\":\"https:\\\/\\\/technosylva.com\\\/es\\\/?s={search_term_string}\"},\"query-input\":{\"@type\":\"PropertyValueSpecification\",\"valueRequired\":true,\"valueName\":\"search_term_string\"}}],\"inLanguage\":\"es\"},{\"@type\":\"Organization\",\"@id\":\"https:\\\/\\\/technosylva.com\\\/es\\\/#organization\",\"name\":\"Technosylva\",\"url\":\"https:\\\/\\\/technosylva.com\\\/es\\\/\",\"logo\":{\"@type\":\"ImageObject\",\"inLanguage\":\"es\",\"@id\":\"https:\\\/\\\/technosylva.com\\\/es\\\/#\\\/schema\\\/logo\\\/image\\\/\",\"url\":\"https:\\\/\\\/technosylva.com\\\/wp-content\\\/uploads\\\/2025\\\/08\\\/logo.svg\",\"contentUrl\":\"https:\\\/\\\/technosylva.com\\\/wp-content\\\/uploads\\\/2025\\\/08\\\/logo.svg\",\"width\":1,\"height\":1,\"caption\":\"Technosylva\"},\"image\":{\"@id\":\"https:\\\/\\\/technosylva.com\\\/es\\\/#\\\/schema\\\/logo\\\/image\\\/\"},\"sameAs\":[\"https:\\\/\\\/x.com\\\/technosylva\",\"https:\\\/\\\/www.linkedin.com\\\/company\\\/technosylva\"]}]}<\/script>\n<!-- \/ Yoast SEO plugin. -->","yoast_head_json":{"title":"Nuestro Canal \u00c9tico - Technosylva","robots":{"index":"index","follow":"follow","max-snippet":"max-snippet:-1","max-image-preview":"max-image-preview:large","max-video-preview":"max-video-preview:-1"},"canonical":"https:\/\/technosylva.com\/es\/nuestro-canal-etico\/","twitter_card":"summary_large_image","twitter_title":"Nuestro Canal \u00c9tico - Technosylva","twitter_site":"@technosylva","twitter_misc":{"Est. reading time":"3 minutos"},"schema":{"@context":"https:\/\/schema.org","@graph":[{"@type":"WebPage","@id":"https:\/\/technosylva.com\/es\/nuestro-canal-etico\/","url":"https:\/\/technosylva.com\/es\/nuestro-canal-etico\/","name":"Nuestro Canal \u00c9tico - Technosylva","isPartOf":{"@id":"https:\/\/technosylva.com\/es\/#website"},"datePublished":"2025-07-23T17:44:41+00:00","dateModified":"2025-10-07T00:02:43+00:00","breadcrumb":{"@id":"https:\/\/technosylva.com\/es\/nuestro-canal-etico\/#breadcrumb"},"inLanguage":"es","potentialAction":[{"@type":"ReadAction","target":["https:\/\/technosylva.com\/es\/nuestro-canal-etico\/"]}]},{"@type":"BreadcrumbList","@id":"https:\/\/technosylva.com\/es\/nuestro-canal-etico\/#breadcrumb","itemListElement":[{"@type":"ListItem","position":1,"name":"Home","item":"https:\/\/technosylva.com\/es\/"},{"@type":"ListItem","position":2,"name":"Nuestro Canal \u00c9tico"}]},{"@type":"WebSite","@id":"https:\/\/technosylva.com\/es\/#website","url":"https:\/\/technosylva.com\/es\/","name":"Technosylva","description":"","publisher":{"@id":"https:\/\/technosylva.com\/es\/#organization"},"potentialAction":[{"@type":"SearchAction","target":{"@type":"EntryPoint","urlTemplate":"https:\/\/technosylva.com\/es\/?s={search_term_string}"},"query-input":{"@type":"PropertyValueSpecification","valueRequired":true,"valueName":"search_term_string"}}],"inLanguage":"es"},{"@type":"Organization","@id":"https:\/\/technosylva.com\/es\/#organization","name":"Technosylva","url":"https:\/\/technosylva.com\/es\/","logo":{"@type":"ImageObject","inLanguage":"es","@id":"https:\/\/technosylva.com\/es\/#\/schema\/logo\/image\/","url":"https:\/\/technosylva.com\/wp-content\/uploads\/2025\/08\/logo.svg","contentUrl":"https:\/\/technosylva.com\/wp-content\/uploads\/2025\/08\/logo.svg","width":1,"height":1,"caption":"Technosylva"},"image":{"@id":"https:\/\/technosylva.com\/es\/#\/schema\/logo\/image\/"},"sameAs":["https:\/\/x.com\/technosylva","https:\/\/www.linkedin.com\/company\/technosylva"]}]}},"_links":{"self":[{"href":"https:\/\/technosylva.com\/es\/wp-json\/wp\/v2\/pages\/3780","targetHints":{"allow":["GET"]}}],"collection":[{"href":"https:\/\/technosylva.com\/es\/wp-json\/wp\/v2\/pages"}],"about":[{"href":"https:\/\/technosylva.com\/es\/wp-json\/wp\/v2\/types\/page"}],"author":[{"embeddable":true,"href":"https:\/\/technosylva.com\/es\/wp-json\/wp\/v2\/users\/1"}],"replies":[{"embeddable":true,"href":"https:\/\/technosylva.com\/es\/wp-json\/wp\/v2\/comments?post=3780"}],"version-history":[{"count":0,"href":"https:\/\/technosylva.com\/es\/wp-json\/wp\/v2\/pages\/3780\/revisions"}],"wp:attachment":[{"href":"https:\/\/technosylva.com\/es\/wp-json\/wp\/v2\/media?parent=3780"}],"curies":[{"name":"wp","href":"https:\/\/api.w.org\/{rel}","templated":true}]}}