{"id":3779,"date":"2025-09-03T16:32:57","date_gmt":"2025-09-03T16:32:57","guid":{"rendered":"https:\/\/technosylva.com\/agencias-de-seguros-y-credito\/"},"modified":"2025-12-01T22:42:13","modified_gmt":"2025-12-01T22:42:13","slug":"agencias-de-seguros-y-financieras","status":"publish","type":"page","link":"https:\/\/technosylva.com\/es\/agencias-de-seguros-y-financieras\/","title":{"rendered":"Agencias de seguros y financieras"},"content":{"rendered":"<div data-technosylva-block  class=\"md:max-h-[940px] overflow-hidden hero-block\">\n\t<div class=\"hero grid grid-cols-1 aspect-square sm:aspect-[unset] max-w-[2000px] mx-auto\">\n\t\t\t\t\t<img decoding=\"async\" src=\"https:\/\/technosylva.com\/wp-content\/uploads\/2025\/09\/insurance_hero2-2.jpg\" alt=\"A community of houses that has been through a flood\" class=\"col-start-1 col-span-1 row-start-1 object-cover h-full w-full\">\n\t\t\n\t\t<div class=\"container hero-content py-[80px] nav:py-[116px] col-start-1 row-start-1 col-span-1 \">\n\t\t\t<div class=\"hero-content-inner space-y-8 md:space-y-0 md:grid items-center grid-cols-2 pt-20\">\n\t\t\t\t<div class=\"hero-body text-white space-y-8 md:pr-14 xl:pr-28\">\n\t\t\t\t\t\n\t\t\t\t\t<div class=\"space-y-2\">\n\t\t\t\t\t\t\t\t\t\t\t\t\t<h4 class=\"heading--h6 font-bold text-yellow\">\n\t\t\t\t\t\t\t\tAGENCIAS DE SEGUROS Y FINANCIERAS\t\t\t\t\t\t\t<\/h4>\n\t\t\t\t\t\t\n\t\t\t\t\t\t\t\t\t\t\t\t\t<h1 class=\"heading--h1 text-white font-bold leading-none\">Predecir la resistencia financiera.<\/h1>\n\t\t\t\t\t\t\t\t\t\t\t<\/div>\n\n\t\t\t\t\t\t\t\t\t\t\t<h2 class=\"heading--h5 text-white\">Las agencias de seguros y cr\u00e9dito aprovechan la tecnolog\u00eda punta de evaluaci\u00f3n de riesgos catastr\u00f3ficos para modelizar los resultados en m\u00faltiples peligros.<\/h2>\n\t\t\t\t\t\n\t\t\t\t\t\t\t\t\t\t\t<div class=\"hero-body space-y-8\">\n\t\t\t\t\t\t\t<p>KatRisk, una empresa de Technosylva, es l\u00edder mundial en modelizaci\u00f3n de riesgos de cat\u00e1strofes clim\u00e1ticas para aseguradoras e instituciones financieras de todo el mundo, y presta apoyo a clientes de m\u00e1s de 190 pa\u00edses. KatRisk cuantifica el riesgo de fen\u00f3menos meteorol\u00f3gicos extremos, como inundaciones, mareas de tempestad, huracanes, granizo, incendios forestales y tornados, lo que permite a las compa\u00f1\u00edas de seguros y servicios financieros evaluar el riesgo de cat\u00e1strofe y tomar decisiones m\u00e1s seguras, basadas en datos, en la suscripci\u00f3n, el cr\u00e9dito y la gesti\u00f3n de carteras.<\/p>\n\n\t\t\t\t\t\t\t\t\t\t\t\t\t<\/div>\n\t\t\t\t\t\t\t\t\t<\/div>\n\n\t\t\t\t\t\t\t<\/div>\n\t\t<\/div>\n\t<\/div>\n<\/div>\n\n\n<div data-technosylva-block  class=\"left-right-block\">\n\t<div class=\"py-20 max-w-[2000px] mx-auto bg-white\">\n\t\t<div class=\"container space-y-12\">\n\t\t\t<div class=\"grid grid-cols-1 lg:grid-cols-12 gap-8 items-center\">\n\t\t\t\t<div class=\"order-1 lg:order-2 col-span-1 lg:col-span-8\">\n\t\t\t\t\t\n\t\t\t\t\t\t\t\t\t\t\t<figure class=\"space-y-6 flex flex-col captioned-figure\">\n\t\t\t\t\t\t\t<img decoding=\"async\" src=\"https:\/\/technosylva.com\/wp-content\/uploads\/2025\/09\/katrisk.jpg\" alt=\"\" \/>\n\t\t\t\t\t\t\t\t\t\t\t\t\t<\/figure>\n\t\t\t\t\t\n\t\t\t\t\t\t\t\t\t<\/div>\n\n\t\t\t\t<div class=\"order-2 lg:order-1 space-y-6 col-span-1 lg:col-span-4\">\n\t\t\t\t\t<div class=\"space-y-2\">\n\t\t\t\t\t\t\n\t\t\t\t\t\t\t\t\t\t\t\t\t<h3 class=\"heading--h3 font-normal\">\n\t\t\t\t\t\t\t\tPor qu\u00e9 elegir KatRisk\t\t\t\t\t\t\t<\/h3>\n\t\t\t\t\t\t\t\t\t\t\t<\/div>\n\n\t\t\t\t\t\t\t\t\t\t\t<div class=\"space-y-4 max-w-prose\">\n\t\t\t\t\t\t\t<ul>\n<li>Propiedad intelectual de modelado innovador<\/li>\n<li>Plataforma tecnol\u00f3gica avanzada<\/li>\n<li>Integraci\u00f3n s\u00f3lida del cambio clim\u00e1tico<\/li>\n<li>Permite estructuras financieras complejas<\/li>\n<\/ul>\n\t\t\t\t\t\t<\/div>\n\t\t\t\t\t\n\t\t\t\t\t\t\t\t\t\t\t<div>\n\t\t\t\t\t\t\t<a href=\"https:\/\/www.katrisk.com\/\" class=\"btn btn--primary block\">\n\t\t\t\t\t\t\t\tM\u00e1s informaci\u00f3n\t\t\t\t\t\t\t<\/a>\n\t\t\t\t\t\t<\/div>\n\t\t\t\t\t\t\t\t\t<\/div>\n\t\t\t<\/div>\n\t\t<\/div>\n\t<\/div>\n<\/div>\n","protected":false},"excerpt":{"rendered":"","protected":false},"author":2,"featured_media":0,"parent":0,"menu_order":0,"comment_status":"closed","ping_status":"closed","template":"","meta":{"_acf_changed":true,"footnotes":""},"class_list":["post-3779","page","type-page","status-publish","hentry"],"acf":[],"yoast_head":"<!-- This site is optimized with the Yoast SEO plugin v26.8 - https:\/\/yoast.com\/product\/yoast-seo-wordpress\/ -->\n<title>Agencias de seguros y financieras - Technosylva<\/title>\n<meta name=\"robots\" content=\"index, follow, max-snippet:-1, max-image-preview:large, max-video-preview:-1\" \/>\n<link rel=\"canonical\" href=\"https:\/\/technosylva.com\/es\/agencias-de-seguros-y-financieras\/\" \/>\n<meta name=\"twitter:card\" content=\"summary_large_image\" \/>\n<meta name=\"twitter:title\" content=\"Agencias de seguros y financieras - Technosylva\" \/>\n<meta name=\"twitter:site\" content=\"@technosylva\" \/>\n<script type=\"application\/ld+json\" class=\"yoast-schema-graph\">{\"@context\":\"https:\/\/schema.org\",\"@graph\":[{\"@type\":\"WebPage\",\"@id\":\"https:\/\/technosylva.com\/es\/agencias-de-seguros-y-financieras\/\",\"url\":\"https:\/\/technosylva.com\/es\/agencias-de-seguros-y-financieras\/\",\"name\":\"Agencias de seguros y financieras - Technosylva\",\"isPartOf\":{\"@id\":\"https:\/\/technosylva.com\/es\/#website\"},\"datePublished\":\"2025-09-03T16:32:57+00:00\",\"dateModified\":\"2025-12-01T22:42:13+00:00\",\"breadcrumb\":{\"@id\":\"https:\/\/technosylva.com\/es\/agencias-de-seguros-y-financieras\/#breadcrumb\"},\"inLanguage\":\"es\",\"potentialAction\":[{\"@type\":\"ReadAction\",\"target\":[\"https:\/\/technosylva.com\/es\/agencias-de-seguros-y-financieras\/\"]}]},{\"@type\":\"BreadcrumbList\",\"@id\":\"https:\/\/technosylva.com\/es\/agencias-de-seguros-y-financieras\/#breadcrumb\",\"itemListElement\":[{\"@type\":\"ListItem\",\"position\":1,\"name\":\"Home\",\"item\":\"https:\/\/technosylva.com\/es\/\"},{\"@type\":\"ListItem\",\"position\":2,\"name\":\"Agencias de seguros y financieras\"}]},{\"@type\":\"WebSite\",\"@id\":\"https:\/\/technosylva.com\/es\/#website\",\"url\":\"https:\/\/technosylva.com\/es\/\",\"name\":\"Technosylva\",\"description\":\"\",\"publisher\":{\"@id\":\"https:\/\/technosylva.com\/es\/#organization\"},\"potentialAction\":[{\"@type\":\"SearchAction\",\"target\":{\"@type\":\"EntryPoint\",\"urlTemplate\":\"https:\/\/technosylva.com\/es\/?s={search_term_string}\"},\"query-input\":{\"@type\":\"PropertyValueSpecification\",\"valueRequired\":true,\"valueName\":\"search_term_string\"}}],\"inLanguage\":\"es\"},{\"@type\":\"Organization\",\"@id\":\"https:\/\/technosylva.com\/es\/#organization\",\"name\":\"Technosylva\",\"url\":\"https:\/\/technosylva.com\/es\/\",\"logo\":{\"@type\":\"ImageObject\",\"inLanguage\":\"es\",\"@id\":\"https:\/\/technosylva.com\/es\/#\/schema\/logo\/image\/\",\"url\":\"https:\/\/technosylva.com\/wp-content\/uploads\/2025\/08\/logo.svg\",\"contentUrl\":\"https:\/\/technosylva.com\/wp-content\/uploads\/2025\/08\/logo.svg\",\"width\":1,\"height\":1,\"caption\":\"Technosylva\"},\"image\":{\"@id\":\"https:\/\/technosylva.com\/es\/#\/schema\/logo\/image\/\"},\"sameAs\":[\"https:\/\/x.com\/technosylva\",\"https:\/\/www.linkedin.com\/company\/technosylva\"]}]}<\/script>\n<!-- \/ Yoast SEO plugin. -->","yoast_head_json":{"title":"Agencias de seguros y financieras - Technosylva","robots":{"index":"index","follow":"follow","max-snippet":"max-snippet:-1","max-image-preview":"max-image-preview:large","max-video-preview":"max-video-preview:-1"},"canonical":"https:\/\/technosylva.com\/es\/agencias-de-seguros-y-financieras\/","twitter_card":"summary_large_image","twitter_title":"Agencias de seguros y financieras - Technosylva","twitter_site":"@technosylva","schema":{"@context":"https:\/\/schema.org","@graph":[{"@type":"WebPage","@id":"https:\/\/technosylva.com\/es\/agencias-de-seguros-y-financieras\/","url":"https:\/\/technosylva.com\/es\/agencias-de-seguros-y-financieras\/","name":"Agencias de seguros y financieras - Technosylva","isPartOf":{"@id":"https:\/\/technosylva.com\/es\/#website"},"datePublished":"2025-09-03T16:32:57+00:00","dateModified":"2025-12-01T22:42:13+00:00","breadcrumb":{"@id":"https:\/\/technosylva.com\/es\/agencias-de-seguros-y-financieras\/#breadcrumb"},"inLanguage":"es","potentialAction":[{"@type":"ReadAction","target":["https:\/\/technosylva.com\/es\/agencias-de-seguros-y-financieras\/"]}]},{"@type":"BreadcrumbList","@id":"https:\/\/technosylva.com\/es\/agencias-de-seguros-y-financieras\/#breadcrumb","itemListElement":[{"@type":"ListItem","position":1,"name":"Home","item":"https:\/\/technosylva.com\/es\/"},{"@type":"ListItem","position":2,"name":"Agencias de seguros y financieras"}]},{"@type":"WebSite","@id":"https:\/\/technosylva.com\/es\/#website","url":"https:\/\/technosylva.com\/es\/","name":"Technosylva","description":"","publisher":{"@id":"https:\/\/technosylva.com\/es\/#organization"},"potentialAction":[{"@type":"SearchAction","target":{"@type":"EntryPoint","urlTemplate":"https:\/\/technosylva.com\/es\/?s={search_term_string}"},"query-input":{"@type":"PropertyValueSpecification","valueRequired":true,"valueName":"search_term_string"}}],"inLanguage":"es"},{"@type":"Organization","@id":"https:\/\/technosylva.com\/es\/#organization","name":"Technosylva","url":"https:\/\/technosylva.com\/es\/","logo":{"@type":"ImageObject","inLanguage":"es","@id":"https:\/\/technosylva.com\/es\/#\/schema\/logo\/image\/","url":"https:\/\/technosylva.com\/wp-content\/uploads\/2025\/08\/logo.svg","contentUrl":"https:\/\/technosylva.com\/wp-content\/uploads\/2025\/08\/logo.svg","width":1,"height":1,"caption":"Technosylva"},"image":{"@id":"https:\/\/technosylva.com\/es\/#\/schema\/logo\/image\/"},"sameAs":["https:\/\/x.com\/technosylva","https:\/\/www.linkedin.com\/company\/technosylva"]}]}},"_links":{"self":[{"href":"https:\/\/technosylva.com\/es\/wp-json\/wp\/v2\/pages\/3779","targetHints":{"allow":["GET"]}}],"collection":[{"href":"https:\/\/technosylva.com\/es\/wp-json\/wp\/v2\/pages"}],"about":[{"href":"https:\/\/technosylva.com\/es\/wp-json\/wp\/v2\/types\/page"}],"author":[{"embeddable":true,"href":"https:\/\/technosylva.com\/es\/wp-json\/wp\/v2\/users\/2"}],"replies":[{"embeddable":true,"href":"https:\/\/technosylva.com\/es\/wp-json\/wp\/v2\/comments?post=3779"}],"version-history":[{"count":0,"href":"https:\/\/technosylva.com\/es\/wp-json\/wp\/v2\/pages\/3779\/revisions"}],"wp:attachment":[{"href":"https:\/\/technosylva.com\/es\/wp-json\/wp\/v2\/media?parent=3779"}],"curies":[{"name":"wp","href":"https:\/\/api.w.org\/{rel}","templated":true}]}}