{"id":3777,"date":"2025-08-03T19:21:20","date_gmt":"2025-08-03T19:21:20","guid":{"rendered":"https:\/\/technosylva.com\/correo-electronico-aviso-legal\/"},"modified":"2025-12-01T17:02:48","modified_gmt":"2025-12-01T17:02:48","slug":"correo-electronico-aviso-legal","status":"publish","type":"page","link":"https:\/\/technosylva.com\/es\/correo-electronico-aviso-legal\/","title":{"rendered":"Aviso legal sobre el correo electr\u00f3nico"},"content":{"rendered":"<div data-technosylva-block  class=\"py-20 rich-text-block\">\n\t<div class=\"container space-y-10\">\n\t\t<div class=\"mx-auto rich-text\">\n\t\t\t<div class=\"acf-innerblocks-container\">\n\n<h4 class=\"wp-block-heading\">AVISO LEGAL<\/h4>\n\n\n\n<p>AVISO LEGAL: Este mensaje y sus anexos est\u00e1n dirigidos exclusivamente al destinatario y pueden contener informaci\u00f3n confidencial sujeta a secreto profesional. No se permite la comunicaci\u00f3n, reproducci\u00f3n o distribuci\u00f3n sin la autorizaci\u00f3n expresa de TECHNOSYLVA, S.L.U. Si no eres el destinatario final, por favor, elim\u00ednalo y den\u00fancialo a trav\u00e9s del mismo canal de comunicaci\u00f3n.<\/p>\n\n\n\n<p>PROTECCI\u00d3N DE DATOS: De conformidad con lo establecido en el Reglamento (UE) 2016\/679, de 27 de abril (GDPR) y en la Ley Org\u00e1nica 3\/2018, de 5 de diciembre (LOPDGDD), le informamos que los datos personales y la direcci\u00f3n de correo electr\u00f3nico del interesado ser\u00e1n tratados bajo la responsabilidad de TECHNOSYLVA, S.L.U. para el env\u00edo de comunicaciones sobre nuestros productos y servicios. Estos datos se conservar\u00e1n mientras ninguna de las partes presente objeci\u00f3n al respecto. Los datos no se comunicar\u00e1n a terceros, salvo en caso de obligaci\u00f3n legal. Te informamos que tienes derecho de acceso, rectificaci\u00f3n, portabilidad y supresi\u00f3n de tus datos, as\u00ed como el derecho de limitaci\u00f3n y oposici\u00f3n a su tratamiento dirigi\u00e9ndote a Parque Tecnol\u00f3gico de Le\u00f3n, Edificio Tecnosylva, C\/Nicostrato Vela, S\/N &#8211; 24009 Le\u00f3n (Le\u00f3n). Correo electr\u00f3nico: info@tecnosylva.com. Si consideras que el tratamiento no se ajusta a la legislaci\u00f3n vigente, puedes recurrir a la autoridad supervisora en www.aepd.es.<\/p>\n\n\n\n<h4 class=\"wp-block-heading\">NOTA LEGAL<\/h4>\n\n\n\n<p>AVISO LEGAL: Este mensaje y sus archivos adjuntos van dirigidos exclusivamente a su destinatario, pudiendo contener informaci\u00f3n confidencial sometida a secreto profesional. No est\u00e1 permitida su comunicaci\u00f3n, reproducci\u00f3n o distribuci\u00f3n sin la autorizaci\u00f3n expresa de TECHNOSYLVA, S.L.U. Si usted no es el destinatario final, por favor elim\u00ednelo e inf\u00f3rmenos por esta v\u00eda.<\/p>\n\n\n\n<p>PROTECCI\u00d3N DE DATOS: De conformidad con lo dispuesto en el Reglamento (UE) 2016\/679 de 27 de abril (GDPR) y la Ley Org\u00e1nica 3\/2018 de 5 de diciembre (LOPDGDD), le informamos que los datos personales y direcci\u00f3n de correo lectr\u00f3nico del interesado, ser\u00e1n tratados bajo la responsabilidad de TECHNOSYLVA, S.L.U. para el env\u00edo de comunicaciones sobre nuestros productos y servicios y se conservar\u00e1n mientras ninguna de las partes se oponga a ello. Los datos no ser\u00e1n comunicados a terceros, salvo obligaci\u00f3n legal. Le informamos que puede ejercer los derechos de acceso, rectificaci\u00f3n, portabilidad y supresi\u00f3n de sus datos y los de limitaci\u00f3n y oposici\u00f3n a su tratamiento dirigi\u00e9ndose a Parque Tecnol\u00f3gico de Le\u00f3n, Edificio Tecnosylva, C\/Nicostrato Vela, S\/N &#8211; 24009 Le\u00f3n (Le\u00f3n). Correo electr\u00f3nico: info@tecnosylva.com. Si considera que el tratamiento no se ajusta a la normativa vigente, podr\u00e1 presentar una reclamaci\u00f3n ante la autoridad de control en www.aepd.es.<\/p>\n\n<\/div>\n\t\t<\/div>\n\t<\/div>\n<\/div>\n","protected":false},"excerpt":{"rendered":"","protected":false},"author":1,"featured_media":0,"parent":0,"menu_order":0,"comment_status":"closed","ping_status":"closed","template":"","meta":{"_acf_changed":false,"footnotes":""},"class_list":["post-3777","page","type-page","status-publish","hentry"],"acf":[],"yoast_head":"<!-- This site is optimized with the Yoast SEO plugin v27.3 - https:\/\/yoast.com\/product\/yoast-seo-wordpress\/ -->\n<title>Aviso legal sobre el correo electr\u00f3nico - Technosylva<\/title>\n<meta name=\"robots\" content=\"index, follow, max-snippet:-1, max-image-preview:large, max-video-preview:-1\" \/>\n<link rel=\"canonical\" href=\"https:\/\/technosylva.com\/es\/correo-electronico-aviso-legal\/\" \/>\n<meta name=\"twitter:card\" content=\"summary_large_image\" \/>\n<meta name=\"twitter:title\" content=\"Aviso legal sobre el correo electr\u00f3nico - Technosylva\" \/>\n<meta name=\"twitter:site\" content=\"@technosylva\" \/>\n<meta name=\"twitter:label1\" content=\"Est. reading time\" \/>\n\t<meta name=\"twitter:data1\" content=\"2 minutos\" \/>\n<script type=\"application\/ld+json\" class=\"yoast-schema-graph\">{\"@context\":\"https:\\\/\\\/schema.org\",\"@graph\":[{\"@type\":\"WebPage\",\"@id\":\"https:\\\/\\\/technosylva.com\\\/es\\\/correo-electronico-aviso-legal\\\/\",\"url\":\"https:\\\/\\\/technosylva.com\\\/es\\\/correo-electronico-aviso-legal\\\/\",\"name\":\"Aviso legal sobre el correo electr\u00f3nico - Technosylva\",\"isPartOf\":{\"@id\":\"https:\\\/\\\/technosylva.com\\\/es\\\/#website\"},\"datePublished\":\"2025-08-03T19:21:20+00:00\",\"dateModified\":\"2025-12-01T17:02:48+00:00\",\"breadcrumb\":{\"@id\":\"https:\\\/\\\/technosylva.com\\\/es\\\/correo-electronico-aviso-legal\\\/#breadcrumb\"},\"inLanguage\":\"es\",\"potentialAction\":[{\"@type\":\"ReadAction\",\"target\":[\"https:\\\/\\\/technosylva.com\\\/es\\\/correo-electronico-aviso-legal\\\/\"]}]},{\"@type\":\"BreadcrumbList\",\"@id\":\"https:\\\/\\\/technosylva.com\\\/es\\\/correo-electronico-aviso-legal\\\/#breadcrumb\",\"itemListElement\":[{\"@type\":\"ListItem\",\"position\":1,\"name\":\"Home\",\"item\":\"https:\\\/\\\/technosylva.com\\\/es\\\/\"},{\"@type\":\"ListItem\",\"position\":2,\"name\":\"Aviso legal sobre el correo electr\u00f3nico\"}]},{\"@type\":\"WebSite\",\"@id\":\"https:\\\/\\\/technosylva.com\\\/es\\\/#website\",\"url\":\"https:\\\/\\\/technosylva.com\\\/es\\\/\",\"name\":\"Technosylva\",\"description\":\"\",\"publisher\":{\"@id\":\"https:\\\/\\\/technosylva.com\\\/es\\\/#organization\"},\"potentialAction\":[{\"@type\":\"SearchAction\",\"target\":{\"@type\":\"EntryPoint\",\"urlTemplate\":\"https:\\\/\\\/technosylva.com\\\/es\\\/?s={search_term_string}\"},\"query-input\":{\"@type\":\"PropertyValueSpecification\",\"valueRequired\":true,\"valueName\":\"search_term_string\"}}],\"inLanguage\":\"es\"},{\"@type\":\"Organization\",\"@id\":\"https:\\\/\\\/technosylva.com\\\/es\\\/#organization\",\"name\":\"Technosylva\",\"url\":\"https:\\\/\\\/technosylva.com\\\/es\\\/\",\"logo\":{\"@type\":\"ImageObject\",\"inLanguage\":\"es\",\"@id\":\"https:\\\/\\\/technosylva.com\\\/es\\\/#\\\/schema\\\/logo\\\/image\\\/\",\"url\":\"https:\\\/\\\/technosylva.com\\\/wp-content\\\/uploads\\\/2025\\\/08\\\/logo.svg\",\"contentUrl\":\"https:\\\/\\\/technosylva.com\\\/wp-content\\\/uploads\\\/2025\\\/08\\\/logo.svg\",\"width\":1,\"height\":1,\"caption\":\"Technosylva\"},\"image\":{\"@id\":\"https:\\\/\\\/technosylva.com\\\/es\\\/#\\\/schema\\\/logo\\\/image\\\/\"},\"sameAs\":[\"https:\\\/\\\/x.com\\\/technosylva\",\"https:\\\/\\\/www.linkedin.com\\\/company\\\/technosylva\"]}]}<\/script>\n<!-- \/ Yoast SEO plugin. -->","yoast_head_json":{"title":"Aviso legal sobre el correo electr\u00f3nico - Technosylva","robots":{"index":"index","follow":"follow","max-snippet":"max-snippet:-1","max-image-preview":"max-image-preview:large","max-video-preview":"max-video-preview:-1"},"canonical":"https:\/\/technosylva.com\/es\/correo-electronico-aviso-legal\/","twitter_card":"summary_large_image","twitter_title":"Aviso legal sobre el correo electr\u00f3nico - Technosylva","twitter_site":"@technosylva","twitter_misc":{"Est. reading time":"2 minutos"},"schema":{"@context":"https:\/\/schema.org","@graph":[{"@type":"WebPage","@id":"https:\/\/technosylva.com\/es\/correo-electronico-aviso-legal\/","url":"https:\/\/technosylva.com\/es\/correo-electronico-aviso-legal\/","name":"Aviso legal sobre el correo electr\u00f3nico - Technosylva","isPartOf":{"@id":"https:\/\/technosylva.com\/es\/#website"},"datePublished":"2025-08-03T19:21:20+00:00","dateModified":"2025-12-01T17:02:48+00:00","breadcrumb":{"@id":"https:\/\/technosylva.com\/es\/correo-electronico-aviso-legal\/#breadcrumb"},"inLanguage":"es","potentialAction":[{"@type":"ReadAction","target":["https:\/\/technosylva.com\/es\/correo-electronico-aviso-legal\/"]}]},{"@type":"BreadcrumbList","@id":"https:\/\/technosylva.com\/es\/correo-electronico-aviso-legal\/#breadcrumb","itemListElement":[{"@type":"ListItem","position":1,"name":"Home","item":"https:\/\/technosylva.com\/es\/"},{"@type":"ListItem","position":2,"name":"Aviso legal sobre el correo electr\u00f3nico"}]},{"@type":"WebSite","@id":"https:\/\/technosylva.com\/es\/#website","url":"https:\/\/technosylva.com\/es\/","name":"Technosylva","description":"","publisher":{"@id":"https:\/\/technosylva.com\/es\/#organization"},"potentialAction":[{"@type":"SearchAction","target":{"@type":"EntryPoint","urlTemplate":"https:\/\/technosylva.com\/es\/?s={search_term_string}"},"query-input":{"@type":"PropertyValueSpecification","valueRequired":true,"valueName":"search_term_string"}}],"inLanguage":"es"},{"@type":"Organization","@id":"https:\/\/technosylva.com\/es\/#organization","name":"Technosylva","url":"https:\/\/technosylva.com\/es\/","logo":{"@type":"ImageObject","inLanguage":"es","@id":"https:\/\/technosylva.com\/es\/#\/schema\/logo\/image\/","url":"https:\/\/technosylva.com\/wp-content\/uploads\/2025\/08\/logo.svg","contentUrl":"https:\/\/technosylva.com\/wp-content\/uploads\/2025\/08\/logo.svg","width":1,"height":1,"caption":"Technosylva"},"image":{"@id":"https:\/\/technosylva.com\/es\/#\/schema\/logo\/image\/"},"sameAs":["https:\/\/x.com\/technosylva","https:\/\/www.linkedin.com\/company\/technosylva"]}]}},"_links":{"self":[{"href":"https:\/\/technosylva.com\/es\/wp-json\/wp\/v2\/pages\/3777","targetHints":{"allow":["GET"]}}],"collection":[{"href":"https:\/\/technosylva.com\/es\/wp-json\/wp\/v2\/pages"}],"about":[{"href":"https:\/\/technosylva.com\/es\/wp-json\/wp\/v2\/types\/page"}],"author":[{"embeddable":true,"href":"https:\/\/technosylva.com\/es\/wp-json\/wp\/v2\/users\/1"}],"replies":[{"embeddable":true,"href":"https:\/\/technosylva.com\/es\/wp-json\/wp\/v2\/comments?post=3777"}],"version-history":[{"count":0,"href":"https:\/\/technosylva.com\/es\/wp-json\/wp\/v2\/pages\/3777\/revisions"}],"wp:attachment":[{"href":"https:\/\/technosylva.com\/es\/wp-json\/wp\/v2\/media?parent=3777"}],"curies":[{"name":"wp","href":"https:\/\/api.w.org\/{rel}","templated":true}]}}