{"id":3770,"date":"2024-10-08T21:50:01","date_gmt":"2024-10-08T21:50:01","guid":{"rendered":"https:\/\/technosylva.com\/asociaciones\/"},"modified":"2025-12-01T22:39:31","modified_gmt":"2025-12-01T22:39:31","slug":"colaboraciones","status":"publish","type":"page","link":"https:\/\/technosylva.com\/es\/colaboraciones\/","title":{"rendered":"Colaboraciones"},"content":{"rendered":"<div data-technosylva-block  class=\"md:max-h-[940px] overflow-hidden hero-block\">\n\t<div class=\"hero grid grid-cols-1 aspect-square sm:aspect-[unset] max-w-[2000px] mx-auto\">\n\t\t\t\t\t<img decoding=\"async\" src=\"https:\/\/technosylva.com\/wp-content\/uploads\/2025\/08\/hero_partners2.jpg\" alt=\"Mountain landscape photo with lush forest\" class=\"col-start-1 col-span-1 row-start-1 object-cover h-full w-full\">\n\t\t\n\t\t<div class=\"container hero-content py-[80px] nav:py-[116px] col-start-1 row-start-1 col-span-1 \">\n\t\t\t<div class=\"hero-content-inner space-y-8 md:space-y-0 md:grid items-center grid-cols-2 pt-20\">\n\t\t\t\t<div class=\"hero-body text-white space-y-8 md:pr-14 xl:pr-28\">\n\t\t\t\t\t\n\t\t\t\t\t<div class=\"space-y-2\">\n\t\t\t\t\t\t\t\t\t\t\t\t\t<h4 class=\"heading--h6 font-bold text-yellow\">\n\t\t\t\t\t\t\t\tNUESTROS COLABORADORES\t\t\t\t\t\t\t<\/h4>\n\t\t\t\t\t\t\n\t\t\t\t\t\t\t\t\t\t\t\t\t<h1 class=\"heading--h1 text-white font-bold leading-none\">Todos unidos frente al riesgo.<\/h1>\n\t\t\t\t\t\t\t\t\t\t\t<\/div>\n\n\t\t\t\t\t\n\t\t\t\t\t\t\t\t\t\t\t<div class=\"hero-body space-y-8\">\n\t\t\t\t\t\t\t<p><span style=\"font-weight: 400;\">Gracias a una estrecha colaboraci\u00f3n con los mejores innovadores en ciencia y tecnolog\u00eda, podemos proporcionar a nuestros clientes un completo conjunto de soluciones para la mitigaci\u00f3n de riesgos de los incendios forestales y de los fen\u00f3menos meteorol\u00f3gicos extremos con el fin de proteger la tierra, la vida y las comunidades.<br \/>\n<\/span><\/p>\n\n\t\t\t\t\t\t\t\t\t\t\t\t\t<\/div>\n\t\t\t\t\t\t\t\t\t<\/div>\n\n\t\t\t\t\t\t\t<\/div>\n\t\t<\/div>\n\t<\/div>\n<\/div>\n\n\n<div data-technosylva-block  class=\"stat-block\">\n\t<div class=\"stat-cta bg-no-repeat max-w-[2000px] mx-auto md:bg-gradient-horiz md:bg-5\/12\">\n\t\t<div class=\"container grid items-center md:grid-cols-12 h-full\">\n\t\t\t<div class=\"md:pr-12 bg-gradient-horiz md:bg-none -ml-5 -mr-5 md:mx-0 py-6 px-6 md:pl-0 col-span-5\">\n\t\t\t\t\t\t\t\t\t<p class=\"heading--h5 font-bold\">Impulsando la resiliencia a trav\u00e9s de la colaboraci\u00f3n<\/p>\n\t\t\t\t\t\t\t<\/div>\n\n\t\t\t<div class=\"md:pl-20 py-10 ml-[-1.5rem] mr-[-1.5rem] md:mx-0 px-6 md:pr-0 lg:flex flex-row items-center justify-start gap-6 md:gap-12 col-span-7\">\n\t\t\t\t\t\t\t\t\t\t\t\t<a href=\"#spart\" class=\"text-action uppercase font-bold flex gap-8 items-center group\" >\n\t\t\t\t\t\t\t\t\t<span>Colaboradores Cient\u00edficos<\/span>\n\t\t\t\t\t\t\t\t\t\t\t\t\t\t\t\t\t<\/a>\n\t\t\t\t\t\t\t\t\t\t\t\t\t\t\t<a href=\"#cpart\" class=\"text-action uppercase font-bold flex gap-8 items-center group\" >\n\t\t\t\t\t\t\t\t\t<span>Colaboradores Comerciales<\/span>\n\t\t\t\t\t\t\t\t\t\t\t\t\t\t\t\t\t<\/a>\n\t\t\t\t\t\t\t\t\t\t<\/div>\n\t\t<\/div>\n\t<\/div>\n<\/div>\n\n\n\n<div data-technosylva-block id=\"spart\"  class=\"cards-grid py-20 bg-cream max-w-[2000px] mx-auto cards-grid\">\n\t<div class=\"container grid items-center md:grid-cols-12 h-full\">\n\t\t<div class=\"md:col-span-8 mx-auto mb-6 text-center md:col-start-3\">\n\t\t\t\t\t\t\t\t\t\t<h3 class=\"heading--h3 mb-4 font-normal\">Colaboradores Cient\u00edficos<\/h3>\n\t\t\t\t\t\t\t\t\t\t<p>La colaboraci\u00f3n con las mejores instituciones cient\u00edficas nos permite intercambiar datos multidimensionales sobre \u00e1reas como la ecolog\u00eda, el clima y la meteorolog\u00eda.<\/p>\n\t\t\t\t\t<\/div>\n\t\t<div class=\"md:col-span-12 grid grid-cols-3 sm:grid-cols-6 md:grid-cols-12 gap-12 mt-8\">\n\t\t\t\t\t\t\t\t\t\t<div class=\"col-span-3 md:col-span-6 lg:col-span-4 flex flex-col gap-6 text-left\">\n\t\t\t\t\t\t\t\t\t\t\t\t\t\t\t\t\t<img decoding=\"async\" src=\"https:\/\/technosylva.com\/wp-content\/uploads\/2025\/09\/forrest_service.jpg\" alt=\"US Fore\" \/>\n\t\t\t\t\t\t\t\t\n\t\t\t\t\t\t\t\t<div class=\"space-y-2\">\n\t\t\t\t\t\t\t\t\t\t\t\t\t\t\t\t\t\t\t<h4 class=\"heading--h5\">U.S.F.S. Missoula Fire Lab<\/h4>\n\t\t\t\t\t\t\t\t\t\n\t\t\t\t\t\t\t\t\t\n\t\t\t\t\t\t\t\t\t\t\t\t\t\t\t\t\t\t\t<p><span style=\"font-weight: 400\">Los investigadores del Laboratorio de Incendios estudian todos los aspectos de los incendios forestales, desde los combustibles vegetales hasta los sistemas de gesti\u00f3n del fuego.<\/span><\/p>\n\t\t\t\t\t\t\t\t\t\t\t\t\t\t\t\t\t<\/div>\n\n\t\t\t\t\t\t\t\t\t\t\t\t\t\t\t\t\t<a class=\"font-bold focus:ring-0 focus:ring-offset-0 focus:border-transparent focus:outline-none\" href=\"https:\/\/research.fs.usda.gov\/firelab\" target=\"_blank\">\n\t\t\t\t\t\t\t\t\t\tLeer M\u00e1s\t\t\t\t\t\t\t\t\t<\/a>\n\t\t\t\t\t\t\t\t\t\t\t\t\t\t\t<\/div>\t\t\t\t\t\t\t<div class=\"col-span-3 md:col-span-6 lg:col-span-4 flex flex-col gap-6 text-left\">\n\t\t\t\t\t\t\t\t\t\t\t\t\t\t\t\t\t<img decoding=\"async\" src=\"https:\/\/technosylva.com\/wp-content\/uploads\/2025\/08\/nasa.jpg\" alt=\"NASA logo\" \/>\n\t\t\t\t\t\t\t\t\n\t\t\t\t\t\t\t\t<div class=\"space-y-2\">\n\t\t\t\t\t\t\t\t\t\t\t\t\t\t\t\t\t\t\t<h4 class=\"heading--h5\">NASA<\/h4>\n\t\t\t\t\t\t\t\t\t\n\t\t\t\t\t\t\t\t\t\n\t\t\t\t\t\t\t\t\t\t\t\t\t\t\t\t\t\t\t<p>Los productos de teledetecci\u00f3n de la NASA son fundamentales para supervisar la actividad de los incendios forestales, con datos de puntos calientes (hotspots) e im\u00e1genes de MODIS y VIIRS disponibles en FIRMS. Calibramos nuestros modelos con estos datos disponibles a nivel mundial para mejorar el modelado de la humedad del combustible y las condiciones del suelo, y de esta forma podemos as\u00ed describir mejor los combustibles vegetales mediante series de im\u00e1genes del LANDSAT y los datos de LiDAR GEDI. <\/p>\n\t\t\t\t\t\t\t\t\t\t\t\t\t\t\t\t\t<\/div>\n\n\t\t\t\t\t\t\t\t\t\t\t\t\t\t\t\t\t<a class=\"font-bold focus:ring-0 focus:ring-offset-0 focus:border-transparent focus:outline-none\" href=\"https:\/\/appliedsciences.nasa.gov\/\" target=\"_blank\">\n\t\t\t\t\t\t\t\t\t\tLeer M\u00e1s\t\t\t\t\t\t\t\t\t<\/a>\n\t\t\t\t\t\t\t\t\t\t\t\t\t\t\t<\/div>\t\t\t\t\t\t\t<div class=\"col-span-3 md:col-span-6 lg:col-span-4 flex flex-col gap-6 text-left\">\n\t\t\t\t\t\t\t\t\t\t\t\t\t\t\t\t\t<img decoding=\"async\" src=\"https:\/\/technosylva.com\/wp-content\/uploads\/2025\/09\/sanjose.jpg\" alt=\"San Jose State University Logo\" \/>\n\t\t\t\t\t\t\t\t\n\t\t\t\t\t\t\t\t<div class=\"space-y-2\">\n\t\t\t\t\t\t\t\t\t\t\t\t\t\t\t\t\t\t\t<h4 class=\"heading--h5\">San Jose State University<\/h4>\n\t\t\t\t\t\t\t\t\t\n\t\t\t\t\t\t\t\t\t\n\t\t\t\t\t\t\t\t\t\t\t\t\t\t\t\t\t\t\t<p><span style=\"font-weight: 400\">Las herramientas y las pol\u00edticas de vanguardia desarrolladas en la SJSU se utilizan en todo el mundo para comprender y mitigar los efectos f\u00edsicos y sociales de los incendios.<\/span><\/p>\n\t\t\t\t\t\t\t\t\t\t\t\t\t\t\t\t\t<\/div>\n\n\t\t\t\t\t\t\t\t\t\t\t\t\t\t\t\t\t<a class=\"font-bold focus:ring-0 focus:ring-offset-0 focus:border-transparent focus:outline-none\" href=\"https:\/\/www.sjsu.edu\/\" target=\"_blank\">\n\t\t\t\t\t\t\t\t\t\tLeer M\u00e1s\t\t\t\t\t\t\t\t\t<\/a>\n\t\t\t\t\t\t\t\t\t\t\t\t\t\t\t<\/div>\t\t<\/div>\n\t<\/div>\n<\/div>\n\n\n\n<div data-technosylva-block id=\"cpart\"  class=\"cards-grid py-20 bg-white max-w-[2000px] mx-auto cards-grid\">\n\t<div class=\"container grid items-center md:grid-cols-12 h-full\">\n\t\t<div class=\"md:col-span-8 mx-auto mb-6 text-center md:col-start-3\">\n\t\t\t\t\t\t\t\t\t\t<h3 class=\"heading--h3 mb-4 font-normal\">Colaboradores Comerciales<\/h3>\n\t\t\t\t\t\t\t\t\t\t<p>Junto con las principales empresas en materia de supervisi\u00f3n, cartograf\u00eda y comunicaciones, combinamos nuestras habilidades y conocimientos para ofrecer soluciones integrales.<\/p>\n\t\t\t\t\t<\/div>\n\t\t<div class=\"md:col-span-12 grid grid-cols-3 sm:grid-cols-6 md:grid-cols-12 gap-12 mt-8\">\n\t\t\t\t\t\t\t\t\t\t<div class=\"col-span-3 md:col-span-6 lg:col-span-4 flex flex-col gap-6 text-left\">\n\t\t\t\t\t\t\t\t\t\t\t\t\t\t\t\t\t<img decoding=\"async\" src=\"https:\/\/technosylva.com\/wp-content\/uploads\/2025\/09\/aidash.jpg\" alt=\"AiDash logo\" \/>\n\t\t\t\t\t\t\t\t\n\t\t\t\t\t\t\t\t<div class=\"space-y-2\">\n\t\t\t\t\t\t\t\t\t\t\t\t\t\t\t\t\t\t\t<h4 class=\"heading--h5\">AiDash<\/h4>\n\t\t\t\t\t\t\t\t\t\n\t\t\t\t\t\t\t\t\t\n\t\t\t\t\t\t\t\t\t\t\t\t\t\t\t\t\t\t\t<p><span style=\"font-weight: 400\">AiDASH es una empresa SaaS que proporciona aplicaciones de IA por sat\u00e9lite para la inspecci\u00f3n y supervisi\u00f3n remotas de infraestructuras cr\u00edticas.<\/span><\/p>\n\t\t\t\t\t\t\t\t\t\t\t\t\t\t\t\t\t<\/div>\n\n\t\t\t\t\t\t\t\t\t\t\t\t\t\t\t\t\t<a class=\"font-bold focus:ring-0 focus:ring-offset-0 focus:border-transparent focus:outline-none\" href=\"https:\/\/www.aidash.com\/\" target=\"_blank\">\n\t\t\t\t\t\t\t\t\t\tLeer M\u00e1s\t\t\t\t\t\t\t\t\t<\/a>\n\t\t\t\t\t\t\t\t\t\t\t\t\t\t\t<\/div>\t\t\t\t\t\t\t<div class=\"col-span-3 md:col-span-6 lg:col-span-4 flex flex-col gap-6 text-left\">\n\t\t\t\t\t\t\t\t\t\t\t\t\t\t\t\t\t<img decoding=\"async\" src=\"https:\/\/technosylva.com\/wp-content\/uploads\/2025\/08\/esri.jpg\" alt=\"Esri Silver Partner Network Logo\" \/>\n\t\t\t\t\t\t\t\t\n\t\t\t\t\t\t\t\t<div class=\"space-y-2\">\n\t\t\t\t\t\t\t\t\t\t\t\t\t\t\t\t\t\t\t<h4 class=\"heading--h5\">Esri Partner Network Plata<\/h4>\n\t\t\t\t\t\t\t\t\t\n\t\t\t\t\t\t\t\t\t\n\t\t\t\t\t\t\t\t\t\t\t\t\t\t\t\t\t\t\t<p>El l\u00edder mundial por excelencia en plataformas de software de cartograf\u00eda GIS.<\/p>\n\t\t\t\t\t\t\t\t\t\t\t\t\t\t\t\t\t<\/div>\n\n\t\t\t\t\t\t\t\t\t\t\t\t\t\t\t\t\t<a class=\"font-bold focus:ring-0 focus:ring-offset-0 focus:border-transparent focus:outline-none\" href=\"https:\/\/www.esri.com\/en-us\/home\" target=\"_blank\">\n\t\t\t\t\t\t\t\t\t\tLeer M\u00e1s\t\t\t\t\t\t\t\t\t<\/a>\n\t\t\t\t\t\t\t\t\t\t\t\t\t\t\t<\/div>\t\t\t\t\t\t\t<div class=\"col-span-3 md:col-span-6 lg:col-span-4 flex flex-col gap-6 text-left\">\n\t\t\t\t\t\t\t\t\t\t\t\t\t\t\t\t\t<img decoding=\"async\" src=\"https:\/\/technosylva.com\/wp-content\/uploads\/2025\/08\/globalstar.jpg\" alt=\"Globalstar Logo\" \/>\n\t\t\t\t\t\t\t\t\n\t\t\t\t\t\t\t\t<div class=\"space-y-2\">\n\t\t\t\t\t\t\t\t\t\t\t\t\t\t\t\t\t\t\t<h4 class=\"heading--h5\">Globalstar<\/h4>\n\t\t\t\t\t\t\t\t\t\n\t\t\t\t\t\t\t\t\t\n\t\t\t\t\t\t\t\t\t\t\t\t\t\t\t\t\t\t\t<p>L\u00edder mundial en servicios de comunicaciones m\u00f3viles de voz y datos asequibles y fiables, m\u00e1s all\u00e1 de los que ofrece la tecnolog\u00eda por telefon\u00eda m\u00f3vil.<\/p>\n\t\t\t\t\t\t\t\t\t\t\t\t\t\t\t\t\t<\/div>\n\n\t\t\t\t\t\t\t\t\t\t\t\t\t\t\t\t\t<a class=\"font-bold focus:ring-0 focus:ring-offset-0 focus:border-transparent focus:outline-none\" href=\"https:\/\/www.globalstar.com\/en-us\" target=\"_blank\">\n\t\t\t\t\t\t\t\t\t\tLeer M\u00e1s\t\t\t\t\t\t\t\t\t<\/a>\n\t\t\t\t\t\t\t\t\t\t\t\t\t\t\t<\/div>\t\t\t\t\t\t\t<div class=\"col-span-3 md:col-span-6 lg:col-span-4 flex flex-col gap-6 text-left\">\n\t\t\t\t\t\t\t\t\t\t\t\t\t\t\t\t\t<img decoding=\"async\" src=\"https:\/\/technosylva.com\/wp-content\/uploads\/2025\/08\/simtable.jpg\" alt=\"Simtable.com logo\" \/>\n\t\t\t\t\t\t\t\t\n\t\t\t\t\t\t\t\t<div class=\"space-y-2\">\n\t\t\t\t\t\t\t\t\t\t\t\t\t\t\t\t\t\t\t<h4 class=\"heading--h5\">SimTable<\/h4>\n\t\t\t\t\t\t\t\t\t\n\t\t\t\t\t\t\t\t\t\n\t\t\t\t\t\t\t\t\t\t\t\t\t\t\t\t\t\t\t<p>SimTable es l\u00edder mundial en modelado basado en agentes y ofrece soluciones para la gesti\u00f3n de emergencias, incendios forestales y seguridad p\u00fablica.<\/p>\n\t\t\t\t\t\t\t\t\t\t\t\t\t\t\t\t\t<\/div>\n\n\t\t\t\t\t\t\t\t\t\t\t\t\t\t\t\t\t<a class=\"font-bold focus:ring-0 focus:ring-offset-0 focus:border-transparent focus:outline-none\" href=\"https:\/\/www.simtable.com\/\" target=\"_blank\">\n\t\t\t\t\t\t\t\t\t\tLeer M\u00e1s\t\t\t\t\t\t\t\t\t<\/a>\n\t\t\t\t\t\t\t\t\t\t\t\t\t\t\t<\/div>\t\t\t\t\t\t\t<div class=\"col-span-3 md:col-span-6 lg:col-span-4 flex flex-col gap-6 text-left\">\n\t\t\t\t\t\t\t\t\t\t\t\t\t\t\t\t\t<img decoding=\"async\" src=\"https:\/\/technosylva.com\/wp-content\/uploads\/2025\/08\/spot.jpg\" alt=\"Spot Logo\" \/>\n\t\t\t\t\t\t\t\t\n\t\t\t\t\t\t\t\t<div class=\"space-y-2\">\n\t\t\t\t\t\t\t\t\t\t\t\t\t\t\t\t\t\t\t<h4 class=\"heading--h5\">Spot<\/h4>\n\t\t\t\t\t\t\t\t\t\n\t\t\t\t\t\t\t\t\t\n\t\t\t\t\t\t\t\t\t\t\t\t\t\t\t\t\t\t\t<p>Proveedor l\u00edder de servicios de localizaci\u00f3n por sat\u00e9lite.<\/p>\n\t\t\t\t\t\t\t\t\t\t\t\t\t\t\t\t\t<\/div>\n\n\t\t\t\t\t\t\t\t\t\t\t\t\t\t\t\t\t<a class=\"font-bold focus:ring-0 focus:ring-offset-0 focus:border-transparent focus:outline-none\" href=\"https:\/\/www.findmespot.com\/en-us\" target=\"_blank\">\n\t\t\t\t\t\t\t\t\t\tLeer M\u00e1s\t\t\t\t\t\t\t\t\t<\/a>\n\t\t\t\t\t\t\t\t\t\t\t\t\t\t\t<\/div>\t\t<\/div>\n\t<\/div>\n<\/div>\n\n\n<div data-technosylva-block  class=\"max-w-[2000px] mx-auto prefooter-block bg-cream\">\n\t<div class=\"flex flex-col items-center relative container--narrow pb-[calc(15.625rem-125px)] pt-[15.625rem] min-h-[625px] justify-center text-center\">\n\t\t\t\t\t<div class=\"absolute top-0 left-[50%] -translate-x-1\/2 w-[259px]\">\n\t\t\t\t<img decoding=\"async\" src=\"https:\/\/technosylva.com\/wp-content\/uploads\/2025\/08\/TS_logo_icon.jpg\" alt=\"Technosylva icon\">\n\t\t\t<\/div>\n\t\t\n\t\t<div class=\"space-y-8 flex flex-col justify-center items-center h-full\">\n\t\t\t\t\t\t\t<h2 class=\"heading--h2 !font-normal\">\u00bfListo para asociarse?<\/h2>\n\t\t\t\n\t\t\t\t\t\t\t<div class=\"space-y-4 max-w-prose\">\n\t\t\t\t\t<p><span style=\"font-weight: 400\">Siempre estamos interesados en nuevas colaboraciones. Ponte en contacto con nosotros para empezar.   <\/span><\/p>\n\t\t\t\t<\/div>\n\t\t\t\n\t\t\t\t\t\t\t<a href=\"https:\/\/technosylva.com\/contact\/\" class=\"btn btn--primary block\">HABLEMOS<\/a>\n\t\t\t\t\t<\/div>\n\t<\/div>\n<\/div>\n","protected":false},"excerpt":{"rendered":"","protected":false},"author":1,"featured_media":0,"parent":0,"menu_order":0,"comment_status":"closed","ping_status":"closed","template":"","meta":{"_acf_changed":false,"footnotes":""},"class_list":["post-3770","page","type-page","status-publish","hentry"],"acf":[],"yoast_head":"<!-- This site is optimized with the Yoast SEO plugin v26.8 - https:\/\/yoast.com\/product\/yoast-seo-wordpress\/ -->\n<title>Colaboraciones - Technosylva<\/title>\n<meta name=\"robots\" content=\"index, follow, max-snippet:-1, max-image-preview:large, max-video-preview:-1\" \/>\n<link rel=\"canonical\" href=\"https:\/\/technosylva.com\/es\/colaboraciones\/\" \/>\n<meta name=\"twitter:card\" content=\"summary_large_image\" \/>\n<meta name=\"twitter:title\" content=\"Colaboraciones - Technosylva\" \/>\n<meta name=\"twitter:site\" content=\"@technosylva\" \/>\n<meta name=\"twitter:label1\" content=\"Est. reading time\" \/>\n\t<meta name=\"twitter:data1\" content=\"1 minuto\" \/>\n<script type=\"application\/ld+json\" class=\"yoast-schema-graph\">{\"@context\":\"https:\/\/schema.org\",\"@graph\":[{\"@type\":\"WebPage\",\"@id\":\"https:\/\/technosylva.com\/es\/colaboraciones\/\",\"url\":\"https:\/\/technosylva.com\/es\/colaboraciones\/\",\"name\":\"Colaboraciones - Technosylva\",\"isPartOf\":{\"@id\":\"https:\/\/technosylva.com\/es\/#website\"},\"datePublished\":\"2024-10-08T21:50:01+00:00\",\"dateModified\":\"2025-12-01T22:39:31+00:00\",\"breadcrumb\":{\"@id\":\"https:\/\/technosylva.com\/es\/colaboraciones\/#breadcrumb\"},\"inLanguage\":\"es\",\"potentialAction\":[{\"@type\":\"ReadAction\",\"target\":[\"https:\/\/technosylva.com\/es\/colaboraciones\/\"]}]},{\"@type\":\"BreadcrumbList\",\"@id\":\"https:\/\/technosylva.com\/es\/colaboraciones\/#breadcrumb\",\"itemListElement\":[{\"@type\":\"ListItem\",\"position\":1,\"name\":\"Home\",\"item\":\"https:\/\/technosylva.com\/es\/\"},{\"@type\":\"ListItem\",\"position\":2,\"name\":\"Colaboraciones\"}]},{\"@type\":\"WebSite\",\"@id\":\"https:\/\/technosylva.com\/es\/#website\",\"url\":\"https:\/\/technosylva.com\/es\/\",\"name\":\"Technosylva\",\"description\":\"\",\"publisher\":{\"@id\":\"https:\/\/technosylva.com\/es\/#organization\"},\"potentialAction\":[{\"@type\":\"SearchAction\",\"target\":{\"@type\":\"EntryPoint\",\"urlTemplate\":\"https:\/\/technosylva.com\/es\/?s={search_term_string}\"},\"query-input\":{\"@type\":\"PropertyValueSpecification\",\"valueRequired\":true,\"valueName\":\"search_term_string\"}}],\"inLanguage\":\"es\"},{\"@type\":\"Organization\",\"@id\":\"https:\/\/technosylva.com\/es\/#organization\",\"name\":\"Technosylva\",\"url\":\"https:\/\/technosylva.com\/es\/\",\"logo\":{\"@type\":\"ImageObject\",\"inLanguage\":\"es\",\"@id\":\"https:\/\/technosylva.com\/es\/#\/schema\/logo\/image\/\",\"url\":\"https:\/\/technosylva.com\/wp-content\/uploads\/2025\/08\/logo.svg\",\"contentUrl\":\"https:\/\/technosylva.com\/wp-content\/uploads\/2025\/08\/logo.svg\",\"width\":1,\"height\":1,\"caption\":\"Technosylva\"},\"image\":{\"@id\":\"https:\/\/technosylva.com\/es\/#\/schema\/logo\/image\/\"},\"sameAs\":[\"https:\/\/x.com\/technosylva\",\"https:\/\/www.linkedin.com\/company\/technosylva\"]}]}<\/script>\n<!-- \/ Yoast SEO plugin. -->","yoast_head_json":{"title":"Colaboraciones - Technosylva","robots":{"index":"index","follow":"follow","max-snippet":"max-snippet:-1","max-image-preview":"max-image-preview:large","max-video-preview":"max-video-preview:-1"},"canonical":"https:\/\/technosylva.com\/es\/colaboraciones\/","twitter_card":"summary_large_image","twitter_title":"Colaboraciones - Technosylva","twitter_site":"@technosylva","twitter_misc":{"Est. reading time":"1 minuto"},"schema":{"@context":"https:\/\/schema.org","@graph":[{"@type":"WebPage","@id":"https:\/\/technosylva.com\/es\/colaboraciones\/","url":"https:\/\/technosylva.com\/es\/colaboraciones\/","name":"Colaboraciones - Technosylva","isPartOf":{"@id":"https:\/\/technosylva.com\/es\/#website"},"datePublished":"2024-10-08T21:50:01+00:00","dateModified":"2025-12-01T22:39:31+00:00","breadcrumb":{"@id":"https:\/\/technosylva.com\/es\/colaboraciones\/#breadcrumb"},"inLanguage":"es","potentialAction":[{"@type":"ReadAction","target":["https:\/\/technosylva.com\/es\/colaboraciones\/"]}]},{"@type":"BreadcrumbList","@id":"https:\/\/technosylva.com\/es\/colaboraciones\/#breadcrumb","itemListElement":[{"@type":"ListItem","position":1,"name":"Home","item":"https:\/\/technosylva.com\/es\/"},{"@type":"ListItem","position":2,"name":"Colaboraciones"}]},{"@type":"WebSite","@id":"https:\/\/technosylva.com\/es\/#website","url":"https:\/\/technosylva.com\/es\/","name":"Technosylva","description":"","publisher":{"@id":"https:\/\/technosylva.com\/es\/#organization"},"potentialAction":[{"@type":"SearchAction","target":{"@type":"EntryPoint","urlTemplate":"https:\/\/technosylva.com\/es\/?s={search_term_string}"},"query-input":{"@type":"PropertyValueSpecification","valueRequired":true,"valueName":"search_term_string"}}],"inLanguage":"es"},{"@type":"Organization","@id":"https:\/\/technosylva.com\/es\/#organization","name":"Technosylva","url":"https:\/\/technosylva.com\/es\/","logo":{"@type":"ImageObject","inLanguage":"es","@id":"https:\/\/technosylva.com\/es\/#\/schema\/logo\/image\/","url":"https:\/\/technosylva.com\/wp-content\/uploads\/2025\/08\/logo.svg","contentUrl":"https:\/\/technosylva.com\/wp-content\/uploads\/2025\/08\/logo.svg","width":1,"height":1,"caption":"Technosylva"},"image":{"@id":"https:\/\/technosylva.com\/es\/#\/schema\/logo\/image\/"},"sameAs":["https:\/\/x.com\/technosylva","https:\/\/www.linkedin.com\/company\/technosylva"]}]}},"_links":{"self":[{"href":"https:\/\/technosylva.com\/es\/wp-json\/wp\/v2\/pages\/3770","targetHints":{"allow":["GET"]}}],"collection":[{"href":"https:\/\/technosylva.com\/es\/wp-json\/wp\/v2\/pages"}],"about":[{"href":"https:\/\/technosylva.com\/es\/wp-json\/wp\/v2\/types\/page"}],"author":[{"embeddable":true,"href":"https:\/\/technosylva.com\/es\/wp-json\/wp\/v2\/users\/1"}],"replies":[{"embeddable":true,"href":"https:\/\/technosylva.com\/es\/wp-json\/wp\/v2\/comments?post=3770"}],"version-history":[{"count":0,"href":"https:\/\/technosylva.com\/es\/wp-json\/wp\/v2\/pages\/3770\/revisions"}],"wp:attachment":[{"href":"https:\/\/technosylva.com\/es\/wp-json\/wp\/v2\/media?parent=3770"}],"curies":[{"name":"wp","href":"https:\/\/api.w.org\/{rel}","templated":true}]}}