{"id":3758,"date":"2024-10-03T19:32:30","date_gmt":"2024-10-03T19:32:30","guid":{"rendered":"https:\/\/technosylva.com\/empleo\/"},"modified":"2025-11-21T02:30:08","modified_gmt":"2025-11-21T02:30:08","slug":"empleo","status":"publish","type":"page","link":"https:\/\/technosylva.com\/es\/empleo\/","title":{"rendered":"Empleo"},"content":{"rendered":"<div data-technosylva-block  class=\"md:max-h-[940px] overflow-hidden hero-block\">\n\t<div class=\"hero grid grid-cols-1 aspect-square sm:aspect-[unset] max-w-[2000px] mx-auto\">\n\t\t\t\t\t<img decoding=\"async\" src=\"https:\/\/technosylva.com\/wp-content\/uploads\/2025\/09\/hero_careers_short.jpg\" alt=\"trees and mountains\" class=\"col-start-1 col-span-1 row-start-1 object-cover h-full w-full\">\n\t\t\n\t\t<div class=\"container hero-content py-[80px] nav:py-[116px] col-start-1 row-start-1 col-span-1 \">\n\t\t\t<div class=\"hero-content-inner space-y-8 md:space-y-0 md:grid items-center grid-cols-2 pt-20\">\n\t\t\t\t<div class=\"hero-body text-white space-y-8 md:pr-14 xl:pr-28\">\n\t\t\t\t\t\n\t\t\t\t\t<div class=\"space-y-2\">\n\t\t\t\t\t\t\n\t\t\t\t\t\t\t\t\t\t\t\t\t<h1 class=\"heading--h1 text-white font-bold leading-none\">S\u00e9 parte de nuestro bosque.<\/h1>\n\t\t\t\t\t\t\t\t\t\t\t<\/div>\n\n\t\t\t\t\t\n\t\t\t\t\t\t\t\t\t\t\t<div class=\"hero-body space-y-8\">\n\t\t\t\t\t\t\t<p>Cada d\u00eda, cada miembro de nuestro equipo protege vidas y tierras al ayudar a mejorar la prevenci\u00f3n y mitigaci\u00f3n de incendios forestales y eventos clim\u00e1ticos extremos. \u00danete a nosotros y aplica tus habilidades a un trabajo que importa.<\/p>\n\n\t\t\t\t\t\t\t\t\t\t\t\t\t\t\t<div>\n\t\t\t\t\t\t\t\t\t<a href=\"#current-open-positions\" target=\"\" class=\"btn btn--primary block\">VACANTES DISPONIBLES<\/a>\n\t\t\t\t\t\t\t\t<\/div>\n\t\t\t\t\t\t\t\t\t\t\t\t\t<\/div>\n\t\t\t\t\t\t\t\t\t<\/div>\n\n\t\t\t\t\t\t\t<\/div>\n\t\t<\/div>\n\t<\/div>\n<\/div>\n\n\n\n<div data-technosylva-block  class=\"side-statistics-block\">\n\t<div class=\"py-20 container\">\n\t\t<div class=\"grid grid-cols-12 gap-y-20 md:gap-x-8 lg:gap-x-20 items-start\">\n\t\t\t\t\t\t\t<div class=\"col-span-12 md:col-span-4 space-y-6\">\n\t\t\t\t\t\t\t\t\t\t\t<h2 class=\"heading--h3 font-normal\">Trabajo que importa<\/h2>\n\t\t\t\t\t\n\t\t\t\t\t\t\t\t\t\t\t<div class=\"space-y-4 max-w-prose\">\n\t\t\t\t\t\t\t<p>Ofrecemos flexibilidad seg\u00fan cada rol y ubicaci\u00f3n. Algunos miembros del equipo trabajan de forma remota, mientras que otros colaboran en persona. Confiamos en que nuestra gente gestione sus responsabilidades y se mantenga conectada.<\/p>\n\t\t\t\t\t\t<\/div>\n\t\t\t\t\t\t\t\t\t<\/div>\n\t\t\t\n\t\t\t<div class=\"col-span-12 md:col-span-8 grid sm:grid-cols-2 lg:grid-cols-3 gap-16\">\n\t\t\t\t\t\t\t\t\t\t\t\t\t\t\t<div class=\"statistic-item\">\n\t\t\t\t\t\t\t\t\t\t\t\t\t\t\t<h3 class=\"statistic-title heading--h3 font-normal pb-2\">93%<\/h3>\n\t\t\t\t\t\t\t\n\t\t\t\t\t\t\t\t\t\t\t\t\t\t\t<div class=\"statistic-value pt-4\"><p>de los empleados dicen que entiende c\u00f3mo su trabajo individual impacta en los objetivos de la empresa.<\/p>\n<\/div>\n\t\t\t\t\t\t\t\t\t\t\t\t\t<\/div>\n\t\t\t\t\t\t\t\t\t\t\t<div class=\"statistic-item\">\n\t\t\t\t\t\t\t\t\t\t\t\t\t\t\t<h3 class=\"statistic-title heading--h3 font-normal pb-2\">93%<\/h3>\n\t\t\t\t\t\t\t\n\t\t\t\t\t\t\t\t\t\t\t\t\t\t\t<div class=\"statistic-value pt-4\"><p>de los empleados dicen que se siente orgulloso de decir que trabaja para Technosylva.<\/p>\n<\/div>\n\t\t\t\t\t\t\t\t\t\t\t\t\t<\/div>\n\t\t\t\t\t\t\t\t\t\t\t<div class=\"statistic-item\">\n\t\t\t\t\t\t\t\t\t\t\t\t\t\t\t<h3 class=\"statistic-title heading--h3 font-normal pb-2\">94%<\/h3>\n\t\t\t\t\t\t\t\n\t\t\t\t\t\t\t\t\t\t\t\t\t\t\t<div class=\"statistic-value pt-4\"><p>de los empleados siente que tiene la autonom\u00eda para hacer bien su trabajo.<\/p>\n<\/div>\n\t\t\t\t\t\t\t\t\t\t\t\t\t<\/div>\n\t\t\t\t\t\t\t\t\t\t\t<div class=\"statistic-item\">\n\t\t\t\t\t\t\t\t\t\t\t\t\t\t\t<h3 class=\"statistic-title heading--h3 font-normal pb-2\">200+<\/h3>\n\t\t\t\t\t\t\t\n\t\t\t\t\t\t\t\t\t\t\t\t\t\t\t<div class=\"statistic-value pt-4\"><p>miembros del equipo global<\/p>\n<\/div>\n\t\t\t\t\t\t\t\t\t\t\t\t\t<\/div>\n\t\t\t\t\t\t\t\t\t\t\t<div class=\"statistic-item\">\n\t\t\t\t\t\t\t\t\t\t\t\t\t\t\t<h3 class=\"statistic-title heading--h3 font-normal pb-2\">4 a\u00f1os<\/h3>\n\t\t\t\t\t\t\t\n\t\t\t\t\t\t\t\t\t\t\t\t\t\t\t<div class=\"statistic-value pt-4\"><p>de permanencia promedio<\/p>\n<\/div>\n\t\t\t\t\t\t\t\t\t\t\t\t\t<\/div>\n\t\t\t\t\t\t\t\t\t\t\t\t<\/div>\n\t\t<\/div>\n\t<\/div>\n<\/div>\n\n\n\n<div data-technosylva-block  class=\"carousel testimonial-carousel py-20 simple-testimonial-slider-block\">\n\t<div class=\"container grid grid-cols-1 md:grid-cols-12 items-center gap-8\">\n\t\t\n\t\t<div class=\"md:col-span-12 bg-cream relative border-top-grad-lg\">\n\t\t\t<div class=\"carousel-container\">\n\t\t\t\t\t\t\t\t\t\t\t<div class=\"carousel-cell absolute\">\n\t\t\t\t\t\t\t\t<div class=\"grid grid-cols-1 md:grid-cols-12 py-16\">\n\t\t\t\t\t\t\t\t\t<div class=\"col-span-1 md:col-span-10 md:col-start-2 px-8 md:px-0\">\n\t\t\t\t\t\t\t\t\t\t\t\t\t\t\t\t\t\t\t\t\t<blockquote class=\"rich-text space-y-4 \">\n\t\t\t\t\t\t\t\t\t\t\t\t<blockquote class=\"c-mrkdwn__quote\" data-stringify-type=\"quote\">\n<p>\u00abMi motivaci\u00f3n para unirme a Technosylva surge del deseo de trabajar en una empresa de tecnolog\u00eda punta que afronta retos medioambientales reales al tiempo que satisface las necesidades de los clientes.<br \/>\n<br aria-hidden=\"true\">Las universidades promueven constantemente la colaboraci\u00f3n entre la industria y la universidad, pero la mayor\u00eda de los proyectos de investigaci\u00f3n terminan sin continuaci\u00f3n ni desarrollo posterior. En Technosylva, sin embargo, nuestros proyectos siguen evolucionando gracias a los constantes comentarios de nuestros clientes.<br \/>\n<br aria-hidden=\"true\">Technosylva crea un impacto mensurable. Nuestros clientes impulsan nuestra mejora mediante la comunicaci\u00f3n continua, manteni\u00e9ndonos en ciclos de aprendizaje y desarrollo continuos. A trav\u00e9s de estas asociaciones, estamos mitigando y reduciendo con \u00e9xito el impacto de los incendios forestales en todo el mundo: \u00e9se es nuestro objetivo final.\u00bb  <\/p>\n<\/blockquote>\n\t\t\t\t\t\t\t\t\t\t\t<\/blockquote>\n\t\t\t\t\t\t\t\t\t\t\t\t\t\t\t\t\t\t\t\t<div class=\"flex items-center space-x-4 mt-6\">\n\t\t\t\t\t\t\t\t\t\t\t\t\t\t\t\t\t\t\t\t\t\t\t<img decoding=\"async\" src=\"https:\/\/technosylva.com\/wp-content\/uploads\/2025\/11\/fernando.jpg\" alt=\"Fernando Bezares, Fire Science Team Lead\" class=\"w-20 h-20 rounded-full\" \/>\n\t\t\t\t\t\t\t\t\t\t\t\t\t\t\t\t\t\t\t\t\t\t<div>\n\t\t\t\t\t\t\t\t\t\t\t\t\t\t\t\t\t\t\t\t\t\t\t\t\t<p class=\"font-bold text-sm\">Fernando Bezares<\/p>\n\t\t\t\t\t\t\t\t\t\t\t\t\t\t\t\t\t\t\t\t\t\t\t\t\t\t\t\t\t\t\t\t\t\t\t\t\t<p class=\"text-sm\">Jefe del Equipo de Ciencia del Fuego<\/p>\n\t\t\t\t\t\t\t\t\t\t\t\t\t\t\t\t\t\t\t\t\t\t\t<\/div>\n\t\t\t\t\t\t\t\t\t\t<\/div>\n\t\t\t\t\t\t\t\t\t<\/div>\n\t\t\t\t\t\t\t\t<\/div>\n\t\t\t\t\t\t\t<\/div>\t\t\t\t\t\t\t<div class=\"carousel-cell absolute\">\n\t\t\t\t\t\t\t\t<div class=\"grid grid-cols-1 md:grid-cols-12 py-16\">\n\t\t\t\t\t\t\t\t\t<div class=\"col-span-1 md:col-span-10 md:col-start-2 px-8 md:px-0\">\n\t\t\t\t\t\t\t\t\t\t\t\t\t\t\t\t\t\t\t\t\t<blockquote class=\"rich-text space-y-4 \">\n\t\t\t\t\t\t\t\t\t\t\t\t<p>\u00abA lo largo de mi carrera, he buscado un significado m\u00e1s all\u00e1 de los resultados financieros. Cuando conoc\u00ed la misi\u00f3n de Technosyla, me di cuenta de que pod\u00eda aplicar mi experiencia a algo con un prop\u00f3sito real: ayudar a proteger a las personas, los animales y la tierra de los incendios forestales. En finanzas, nos aseguramos de que los recursos se asignan all\u00ed donde pueden tener el mayor impacto, y eso te da un verdadero sentido de finalidad. Es gratificante formar parte de un equipo global impulsado por la creencia fundamental de que la rentabilidad y la responsabilidad van realmente de la mano.\u00bb<\/p>\n\t\t\t\t\t\t\t\t\t\t\t<\/blockquote>\n\t\t\t\t\t\t\t\t\t\t\t\t\t\t\t\t\t\t\t\t<div class=\"flex items-center space-x-4 mt-6\">\n\t\t\t\t\t\t\t\t\t\t\t\t\t\t\t\t\t\t\t\t\t\t\t<img decoding=\"async\" src=\"https:\/\/technosylva.com\/wp-content\/uploads\/2025\/11\/sandra.jpg\" alt=\"Sandra Gonzalez, Senior Accountant\" class=\"w-20 h-20 rounded-full\" \/>\n\t\t\t\t\t\t\t\t\t\t\t\t\t\t\t\t\t\t\t\t\t\t<div>\n\t\t\t\t\t\t\t\t\t\t\t\t\t\t\t\t\t\t\t\t\t\t\t\t\t<p class=\"font-bold text-sm\">Sandra Gonz\u00e1lez<\/p>\n\t\t\t\t\t\t\t\t\t\t\t\t\t\t\t\t\t\t\t\t\t\t\t\t\t\t\t\t\t\t\t\t\t\t\t\t\t<p class=\"text-sm\">Contable superior<\/p>\n\t\t\t\t\t\t\t\t\t\t\t\t\t\t\t\t\t\t\t\t\t\t\t<\/div>\n\t\t\t\t\t\t\t\t\t\t<\/div>\n\t\t\t\t\t\t\t\t\t<\/div>\n\t\t\t\t\t\t\t\t<\/div>\n\t\t\t\t\t\t\t<\/div>\t\t\t\t\t\t\t<div class=\"carousel-cell absolute\">\n\t\t\t\t\t\t\t\t<div class=\"grid grid-cols-1 md:grid-cols-12 py-16\">\n\t\t\t\t\t\t\t\t\t<div class=\"col-span-1 md:col-span-10 md:col-start-2 px-8 md:px-0\">\n\t\t\t\t\t\t\t\t\t\t\t\t\t\t\t\t\t\t\t\t\t<blockquote class=\"rich-text space-y-4 \">\n\t\t\t\t\t\t\t\t\t\t\t\t<blockquote class=\"c-mrkdwn__quote\" data-stringify-type=\"quote\">\n<p>\u00abEn el mundo del desarrollo de software, no siempre tienes la oportunidad de alinearte con el prop\u00f3sito que hay detr\u00e1s de lo que construyes, y a veces te sientes desconectado de las personas que utilizan tu software. En Technosylva, esa distancia desaparece. Cada funci\u00f3n que creamos tiene un impacto directo en quienes trabajan para prevenir y responder a los incendios forestales. Formar parte de un equipo tan estrechamente alineado con su prop\u00f3sito hace que cada l\u00ednea de c\u00f3digo tenga sentido\u00bb.<\/p>\n<\/blockquote>\n\t\t\t\t\t\t\t\t\t\t\t<\/blockquote>\n\t\t\t\t\t\t\t\t\t\t\t\t\t\t\t\t\t\t\t\t<div class=\"flex items-center space-x-4 mt-6\">\n\t\t\t\t\t\t\t\t\t\t\t\t\t\t\t\t\t\t\t\t\t\t\t<img decoding=\"async\" src=\"https:\/\/technosylva.com\/wp-content\/uploads\/2025\/11\/antonio.jpg\" alt=\"Antonio Navajas, Senior Front End Developer\" class=\"w-20 h-20 rounded-full\" \/>\n\t\t\t\t\t\t\t\t\t\t\t\t\t\t\t\t\t\t\t\t\t\t<div>\n\t\t\t\t\t\t\t\t\t\t\t\t\t\t\t\t\t\t\t\t\t\t\t\t\t<p class=\"font-bold text-sm\">Antonio Navajas<\/p>\n\t\t\t\t\t\t\t\t\t\t\t\t\t\t\t\t\t\t\t\t\t\t\t\t\t\t\t\t\t\t\t\t\t\t\t\t\t<p class=\"text-sm\">Desarrollador Front End Senior<\/p>\n\t\t\t\t\t\t\t\t\t\t\t\t\t\t\t\t\t\t\t\t\t\t\t<\/div>\n\t\t\t\t\t\t\t\t\t\t<\/div>\n\t\t\t\t\t\t\t\t\t<\/div>\n\t\t\t\t\t\t\t\t<\/div>\n\t\t\t\t\t\t\t<\/div>\t\t\t\t\t\t\t<div class=\"carousel-cell absolute\">\n\t\t\t\t\t\t\t\t<div class=\"grid grid-cols-1 md:grid-cols-12 py-16\">\n\t\t\t\t\t\t\t\t\t<div class=\"col-span-1 md:col-span-10 md:col-start-2 px-8 md:px-0\">\n\t\t\t\t\t\t\t\t\t\t\t\t\t\t\t\t\t\t\t\t\t<blockquote class=\"rich-text space-y-4 \">\n\t\t\t\t\t\t\t\t\t\t\t\t<blockquote class=\"c-mrkdwn__quote\" data-stringify-type=\"quote\">\n<p>\u00abMi inter\u00e9s por el mundo de los datos me trajo a Technosylva para mis pr\u00e1cticas; sin embargo, la misi\u00f3n de la empresa fue lo que me impuls\u00f3 a quedarme.<br \/>\n<br aria-hidden=\"true\">Tras a\u00f1os en ingenier\u00eda de calidad, buscaba una reinvenci\u00f3n con prop\u00f3sito, y el uso sofisticado de datos para la prevenci\u00f3n y el pron\u00f3stico de incendios fue lo que despert\u00f3 mi curiosidad.<br \/>\n<br aria-hidden=\"true\">La oportunidad de formar parte del equipo de Data y aprender de un talento tan diverso y de alto nivel, en un ambiente colaborativo, es la raz\u00f3n por la que valoro esta etapa.<br \/>\n<br aria-hidden=\"true\">Es muy estimulante aplicar mi incipiente conocimiento del mundo Data, junto a mi experiencia como QA, para ayudar a reducir el impacto de los incendios y desastres naturales.\u00bb<\/p>\n<\/blockquote>\n\t\t\t\t\t\t\t\t\t\t\t<\/blockquote>\n\t\t\t\t\t\t\t\t\t\t\t\t\t\t\t\t\t\t\t\t<div class=\"flex items-center space-x-4 mt-6\">\n\t\t\t\t\t\t\t\t\t\t\t\t\t\t\t\t\t\t\t\t\t\t\t<img decoding=\"async\" src=\"https:\/\/technosylva.com\/wp-content\/uploads\/2025\/11\/shannon.jpg\" alt=\"Alba Herraez, Data Engineer\" class=\"w-20 h-20 rounded-full\" \/>\n\t\t\t\t\t\t\t\t\t\t\t\t\t\t\t\t\t\t\t\t\t\t<div>\n\t\t\t\t\t\t\t\t\t\t\t\t\t\t\t\t\t\t\t\t\t\t\t\t\t<p class=\"font-bold text-sm\">Alba Herraez<\/p>\n\t\t\t\t\t\t\t\t\t\t\t\t\t\t\t\t\t\t\t\t\t\t\t\t\t\t\t\t\t\t\t\t\t\t\t\t\t<p class=\"text-sm\">Ingeniero de datos<\/p>\n\t\t\t\t\t\t\t\t\t\t\t\t\t\t\t\t\t\t\t\t\t\t\t<\/div>\n\t\t\t\t\t\t\t\t\t\t<\/div>\n\t\t\t\t\t\t\t\t\t<\/div>\n\t\t\t\t\t\t\t\t<\/div>\n\t\t\t\t\t\t\t<\/div>\t\t\t<\/div>\n\n\t\t\t<div class=\"flex flex-row gap-4 justify-start items-center carousel-buttons absolute top-[100%] right-6 lg:right-12 -translate-y-[50%]\">\n\t\t\t\t<div class=\"carousel-prev-button border border-yellow bg-yellow px-5 py-4 flex justify-center items-center hover:opacity-70 cursor-pointer transition-opacity\">\n\t\t\t\t\t<button type=\"button\">\n\t\t\t\t\t\t<svg xmlns=\"http:\/\/www.w3.org\/2000\/svg\" width=\"17\" height=\"28\" viewBox=\"0 0 17 28\" fill=\"none\">\n\t\t\t\t\t\t\t<path d=\"M14.0604 0L17 2.92653L5.87517 14L17 25.0735L14.0604 28L0 14L14.0604 0Z\" fill=\"#1c1c1c\"\/>\n\t\t\t\t\t\t<\/svg>\n\t\t\t\t\t<\/button>\n\t\t\t\t<\/div>\n\t\t\t\t<div class=\"carousel-next-button border border-yellow bg-yellow px-5 py-4 flex justify-center items-center  hover:opacity-70 cursor-pointer transition-opacity\">\n\t\t\t\t\t<button type=\"button\">\n\t\t\t\t\t\t<svg xmlns=\"http:\/\/www.w3.org\/2000\/svg\" width=\"17\" height=\"28\" viewBox=\"0 0 17 28\" fill=\"none\">\n\t\t\t\t\t\t\t<path d=\"M2.93957 28L0 25.0735L11.1248 14L0 2.92653L2.93957 0L17 14L2.93957 28Z\" fill=\"#1c1c1c\"\/>\n\t\t\t\t\t\t<\/svg>\n\t\t\t\t\t<\/button>\n\t\t\t\t<\/div>\n\t\t\t<\/div>\n\t\t<\/div>\n\t<\/div>\n<\/div>\n\n\n<div data-technosylva-block  class=\"py-20 rich-text-block\">\n\t<div class=\"container space-y-10\">\n\t\t<div class=\"mx-auto rich-text\">\n\t\t\t<div class=\"acf-innerblocks-container\">\n\n<h3 class=\"wp-block-heading has-text-align-center\">Una cultura de compromiso<\/h3>\n\n<\/div>\n\t\t<\/div>\n\t<\/div>\n<\/div>\n\n\n<div data-technosylva-block  class=\"left-right-block\">\n\t<div class=\"py-20 max-w-[2000px] mx-auto bg-white\">\n\t\t<div class=\"container space-y-12\">\n\t\t\t<div class=\"grid grid-cols-1 lg:grid-cols-12 gap-8 items-center\">\n\t\t\t\t<div class=\"order-1 lg:order-2 col-span-1 lg:col-span-8\">\n\t\t\t\t\t\n\t\t\t\t\t\t\t\t\t\t\t<figure class=\"space-y-6 flex flex-col captioned-figure\">\n\t\t\t\t\t\t\t<img decoding=\"async\" src=\"https:\/\/technosylva.com\/wp-content\/uploads\/2025\/11\/face-to-face-1.jpg\" alt=\"Photos of Technosylva employees at events\" \/>\n\t\t\t\t\t\t\t\t\t\t\t\t\t<\/figure>\n\t\t\t\t\t\n\t\t\t\t\t\t\t\t\t<\/div>\n\n\t\t\t\t<div class=\"order-2 lg:order-1 space-y-6 col-span-1 lg:col-span-4\">\n\t\t\t\t\t<div class=\"space-y-2\">\n\t\t\t\t\t\t\n\t\t\t\t\t\t\t\t\t\t\t\t\t<h3 class=\"heading--h3 font-normal\">\n\t\t\t\t\t\t\t\tTiempo cara a cara\t\t\t\t\t\t\t<\/h3>\n\t\t\t\t\t\t\t\t\t\t\t<\/div>\n\n\t\t\t\t\t\t\t\t\t\t\t<div class=\"space-y-4 max-w-prose\">\n\t\t\t\t\t\t\t<p data-start=\"1498\" data-end=\"1616\">Ya sea en reuniones de empresa o encuentros locales, dedicamos tiempo a conectar y colaborar.<\/p>\n\t\t\t\t\t\t<\/div>\n\t\t\t\t\t\n\t\t\t\t\t\t\t\t\t<\/div>\n\t\t\t<\/div>\n\t\t<\/div>\n\t<\/div>\n<\/div>\n\n\n<div data-technosylva-block  class=\"left-right-block\">\n\t<div class=\"py-20 max-w-[2000px] mx-auto bg-white\">\n\t\t<div class=\"container space-y-12\">\n\t\t\t<div class=\"grid grid-cols-1 lg:grid-cols-12 gap-8 items-center\">\n\t\t\t\t<div class=\"lg:order-1 col-span-1 lg:col-span-8\">\n\t\t\t\t\t\n\t\t\t\t\t\t\t\t\t\t\t<figure class=\"space-y-6 flex flex-col captioned-figure\">\n\t\t\t\t\t\t\t<img decoding=\"async\" src=\"https:\/\/technosylva.com\/wp-content\/uploads\/2025\/11\/community_support.jpg\" alt=\"Technosylva teams doing community support activities\" \/>\n\t\t\t\t\t\t\t\t\t\t\t\t\t<\/figure>\n\t\t\t\t\t\n\t\t\t\t\t\t\t\t\t<\/div>\n\n\t\t\t\t<div class=\"lg:order-2 space-y-6 col-span-1 lg:col-span-4\">\n\t\t\t\t\t<div class=\"space-y-2\">\n\t\t\t\t\t\t\n\t\t\t\t\t\t\t\t\t\t\t\t\t<h3 class=\"heading--h3 font-normal\">\n\t\t\t\t\t\t\t\tApoyo comunitario\t\t\t\t\t\t\t<\/h3>\n\t\t\t\t\t\t\t\t\t\t\t<\/div>\n\n\t\t\t\t\t\t\t\t\t\t\t<div class=\"space-y-4 max-w-prose\">\n\t\t\t\t\t\t\t<p>Participamos activamente en causas locales, como el equipo ciclista Technosylva Maglia Bembibre, que recauda fondos para la investigaci\u00f3n del c\u00e1ncer en Espa\u00f1a.<\/p>\n\t\t\t\t\t\t<\/div>\n\t\t\t\t\t\n\t\t\t\t\t\t\t\t\t<\/div>\n\t\t\t<\/div>\n\t\t<\/div>\n\t<\/div>\n<\/div>\n\n\n<div data-technosylva-block  class=\"left-right-block\">\n\t<div class=\"py-20 max-w-[2000px] mx-auto bg-white\">\n\t\t<div class=\"container space-y-12\">\n\t\t\t<div class=\"grid grid-cols-1 lg:grid-cols-12 gap-8 items-center\">\n\t\t\t\t<div class=\"order-1 lg:order-2 col-span-1 lg:col-span-8\">\n\t\t\t\t\t\n\t\t\t\t\t\t\t\t\t\t\t<figure class=\"space-y-6 flex flex-col captioned-figure\">\n\t\t\t\t\t\t\t<img decoding=\"async\" src=\"https:\/\/technosylva.com\/wp-content\/uploads\/2025\/11\/personal_growth.jpg\" alt=\"Photo of a Technosylva learning event\" \/>\n\t\t\t\t\t\t\t\t\t\t\t\t\t<\/figure>\n\t\t\t\t\t\n\t\t\t\t\t\t\t\t\t<\/div>\n\n\t\t\t\t<div class=\"order-2 lg:order-1 space-y-6 col-span-1 lg:col-span-4\">\n\t\t\t\t\t<div class=\"space-y-2\">\n\t\t\t\t\t\t\n\t\t\t\t\t\t\t\t\t\t\t\t\t<h3 class=\"heading--h3 font-normal\">\n\t\t\t\t\t\t\t\tCrecimiento personal\t\t\t\t\t\t\t<\/h3>\n\t\t\t\t\t\t\t\t\t\t\t<\/div>\n\n\t\t\t\t\t\t\t\t\t\t\t<div class=\"space-y-4 max-w-prose\">\n\t\t\t\t\t\t\t<p>Los miembros del equipo eligen entre una variedad de oportunidades de aprendizaje disponibles durante el a\u00f1o para mejorar sus habilidades t\u00e9cnicas y relacionales.<\/p>\n\t\t\t\t\t\t<\/div>\n\t\t\t\t\t\n\t\t\t\t\t\t\t\t\t<\/div>\n\t\t\t<\/div>\n\t\t<\/div>\n\t<\/div>\n<\/div>\n\n\n<div data-technosylva-block id=\"current-open-positions\"  class=\"py-20 open-positions-block\">\n\t<div class=\"container\">\n\t\t<div class=\"acf-innerblocks-container\">\n\n<div id=\"BambooHR\" data-domain=\"technosylva.bamboohr.com\" data-version=\"1.0.0\" data-departmentid=\"\"><\/div>\n\n<\/div>\n\t<\/div>\n<\/div>\n\n\n\n<p><\/p>\n","protected":false},"excerpt":{"rendered":"","protected":false},"author":1,"featured_media":0,"parent":0,"menu_order":0,"comment_status":"closed","ping_status":"closed","template":"","meta":{"_acf_changed":true,"footnotes":""},"class_list":["post-3758","page","type-page","status-publish","hentry"],"acf":[],"yoast_head":"<!-- This site is optimized with the Yoast SEO plugin v26.8 - https:\/\/yoast.com\/product\/yoast-seo-wordpress\/ -->\n<title>Empleo - Technosylva<\/title>\n<meta name=\"robots\" content=\"index, follow, max-snippet:-1, max-image-preview:large, max-video-preview:-1\" \/>\n<link rel=\"canonical\" href=\"https:\/\/technosylva.com\/es\/empleo\/\" \/>\n<meta name=\"twitter:card\" content=\"summary_large_image\" \/>\n<meta name=\"twitter:title\" content=\"Empleo - Technosylva\" \/>\n<meta name=\"twitter:site\" content=\"@technosylva\" \/>\n<meta name=\"twitter:label1\" content=\"Est. reading time\" \/>\n\t<meta name=\"twitter:data1\" content=\"1 minuto\" \/>\n<script type=\"application\/ld+json\" class=\"yoast-schema-graph\">{\"@context\":\"https:\/\/schema.org\",\"@graph\":[{\"@type\":\"WebPage\",\"@id\":\"https:\/\/technosylva.com\/es\/empleo\/\",\"url\":\"https:\/\/technosylva.com\/es\/empleo\/\",\"name\":\"Empleo - Technosylva\",\"isPartOf\":{\"@id\":\"https:\/\/technosylva.com\/es\/#website\"},\"datePublished\":\"2024-10-03T19:32:30+00:00\",\"dateModified\":\"2025-11-21T02:30:08+00:00\",\"breadcrumb\":{\"@id\":\"https:\/\/technosylva.com\/es\/empleo\/#breadcrumb\"},\"inLanguage\":\"es\",\"potentialAction\":[{\"@type\":\"ReadAction\",\"target\":[\"https:\/\/technosylva.com\/es\/empleo\/\"]}]},{\"@type\":\"BreadcrumbList\",\"@id\":\"https:\/\/technosylva.com\/es\/empleo\/#breadcrumb\",\"itemListElement\":[{\"@type\":\"ListItem\",\"position\":1,\"name\":\"Home\",\"item\":\"https:\/\/technosylva.com\/es\/\"},{\"@type\":\"ListItem\",\"position\":2,\"name\":\"Empleo\"}]},{\"@type\":\"WebSite\",\"@id\":\"https:\/\/technosylva.com\/es\/#website\",\"url\":\"https:\/\/technosylva.com\/es\/\",\"name\":\"Technosylva\",\"description\":\"\",\"publisher\":{\"@id\":\"https:\/\/technosylva.com\/es\/#organization\"},\"potentialAction\":[{\"@type\":\"SearchAction\",\"target\":{\"@type\":\"EntryPoint\",\"urlTemplate\":\"https:\/\/technosylva.com\/es\/?s={search_term_string}\"},\"query-input\":{\"@type\":\"PropertyValueSpecification\",\"valueRequired\":true,\"valueName\":\"search_term_string\"}}],\"inLanguage\":\"es\"},{\"@type\":\"Organization\",\"@id\":\"https:\/\/technosylva.com\/es\/#organization\",\"name\":\"Technosylva\",\"url\":\"https:\/\/technosylva.com\/es\/\",\"logo\":{\"@type\":\"ImageObject\",\"inLanguage\":\"es\",\"@id\":\"https:\/\/technosylva.com\/es\/#\/schema\/logo\/image\/\",\"url\":\"https:\/\/technosylva.com\/wp-content\/uploads\/2025\/08\/logo.svg\",\"contentUrl\":\"https:\/\/technosylva.com\/wp-content\/uploads\/2025\/08\/logo.svg\",\"width\":1,\"height\":1,\"caption\":\"Technosylva\"},\"image\":{\"@id\":\"https:\/\/technosylva.com\/es\/#\/schema\/logo\/image\/\"},\"sameAs\":[\"https:\/\/x.com\/technosylva\",\"https:\/\/www.linkedin.com\/company\/technosylva\"]}]}<\/script>\n<!-- \/ Yoast SEO plugin. -->","yoast_head_json":{"title":"Empleo - Technosylva","robots":{"index":"index","follow":"follow","max-snippet":"max-snippet:-1","max-image-preview":"max-image-preview:large","max-video-preview":"max-video-preview:-1"},"canonical":"https:\/\/technosylva.com\/es\/empleo\/","twitter_card":"summary_large_image","twitter_title":"Empleo - Technosylva","twitter_site":"@technosylva","twitter_misc":{"Est. reading time":"1 minuto"},"schema":{"@context":"https:\/\/schema.org","@graph":[{"@type":"WebPage","@id":"https:\/\/technosylva.com\/es\/empleo\/","url":"https:\/\/technosylva.com\/es\/empleo\/","name":"Empleo - Technosylva","isPartOf":{"@id":"https:\/\/technosylva.com\/es\/#website"},"datePublished":"2024-10-03T19:32:30+00:00","dateModified":"2025-11-21T02:30:08+00:00","breadcrumb":{"@id":"https:\/\/technosylva.com\/es\/empleo\/#breadcrumb"},"inLanguage":"es","potentialAction":[{"@type":"ReadAction","target":["https:\/\/technosylva.com\/es\/empleo\/"]}]},{"@type":"BreadcrumbList","@id":"https:\/\/technosylva.com\/es\/empleo\/#breadcrumb","itemListElement":[{"@type":"ListItem","position":1,"name":"Home","item":"https:\/\/technosylva.com\/es\/"},{"@type":"ListItem","position":2,"name":"Empleo"}]},{"@type":"WebSite","@id":"https:\/\/technosylva.com\/es\/#website","url":"https:\/\/technosylva.com\/es\/","name":"Technosylva","description":"","publisher":{"@id":"https:\/\/technosylva.com\/es\/#organization"},"potentialAction":[{"@type":"SearchAction","target":{"@type":"EntryPoint","urlTemplate":"https:\/\/technosylva.com\/es\/?s={search_term_string}"},"query-input":{"@type":"PropertyValueSpecification","valueRequired":true,"valueName":"search_term_string"}}],"inLanguage":"es"},{"@type":"Organization","@id":"https:\/\/technosylva.com\/es\/#organization","name":"Technosylva","url":"https:\/\/technosylva.com\/es\/","logo":{"@type":"ImageObject","inLanguage":"es","@id":"https:\/\/technosylva.com\/es\/#\/schema\/logo\/image\/","url":"https:\/\/technosylva.com\/wp-content\/uploads\/2025\/08\/logo.svg","contentUrl":"https:\/\/technosylva.com\/wp-content\/uploads\/2025\/08\/logo.svg","width":1,"height":1,"caption":"Technosylva"},"image":{"@id":"https:\/\/technosylva.com\/es\/#\/schema\/logo\/image\/"},"sameAs":["https:\/\/x.com\/technosylva","https:\/\/www.linkedin.com\/company\/technosylva"]}]}},"_links":{"self":[{"href":"https:\/\/technosylva.com\/es\/wp-json\/wp\/v2\/pages\/3758","targetHints":{"allow":["GET"]}}],"collection":[{"href":"https:\/\/technosylva.com\/es\/wp-json\/wp\/v2\/pages"}],"about":[{"href":"https:\/\/technosylva.com\/es\/wp-json\/wp\/v2\/types\/page"}],"author":[{"embeddable":true,"href":"https:\/\/technosylva.com\/es\/wp-json\/wp\/v2\/users\/1"}],"replies":[{"embeddable":true,"href":"https:\/\/technosylva.com\/es\/wp-json\/wp\/v2\/comments?post=3758"}],"version-history":[{"count":0,"href":"https:\/\/technosylva.com\/es\/wp-json\/wp\/v2\/pages\/3758\/revisions"}],"wp:attachment":[{"href":"https:\/\/technosylva.com\/es\/wp-json\/wp\/v2\/media?parent=3758"}],"curies":[{"name":"wp","href":"https:\/\/api.w.org\/{rel}","templated":true}]}}